{"id":5492,"date":"2020-06-18T22:00:39","date_gmt":"2020-06-18T20:00:39","guid":{"rendered":"https:\/\/nicadanza.com\/im-kontakt-mit-der-realitaet\/"},"modified":"2023-12-12T12:33:58","modified_gmt":"2023-12-12T11:33:58","slug":"en-contacto-con-la-realidad","status":"publish","type":"page","link":"https:\/\/nicadanza.com\/es\/en-contacto-con-la-realidad\/","title":{"rendered":"Libro"},"content":{"rendered":"<div class=\"wpb-content-wrapper\"><p>[vc_row css=\u00bb.vc_custom_1592513274103{padding-top: 50px !important;padding-bottom: 50px !important;background: #bababa url(https:\/\/nicadanza.com\/wp-content\/uploads\/2020\/06\/background-tango.jpg?id=4529) !important;background-position: center !important;background-repeat: no-repeat !important;background-size: cover !important;}\u00bb][vc_column offset=\u00bbvc_col-md-5&#8243;]<style>.ld_fancy_heading_6a06dbe618301 h2{color:rgb(255, 255, 255);}@media (min-width: 992px) { .ld_fancy_heading_6a06dbe618301 h2 {margin-bottom:0.2em !important;  }  } .ld_fancy_heading_6a06dbe618301 .lqd-highlight-inner{height:0.275em;bottom:0px;}@media (min-width: 992px) { .ld_fancy_heading_6a06dbe618301 h2 {margin-bottom:0.2em !important;  }  } <\/style><div class=\"ld-fancy-heading text-uppercase ld_fancy_heading_6a06dbe618301\">\n\t<h2 class=\"lqd-highlight-underline lqd-highlight-grow-left\" ><span class=\"ld-fh-txt\"> En contacto con la realidad<\/span><\/h2><\/div><style>.ld_fancy_heading_6a06dbe618507 h3{font-size:18px;letter-spacing:0.05em;color:rgb(224, 36, 36);}.ld_fancy_heading_6a06dbe618507 .lqd-highlight-inner{height:0.275em;bottom:0px;}<\/style><div class=\"ld-fancy-heading text-uppercase ld_fancy_heading_6a06dbe618507\">\n\t<h3 class=\"lqd-highlight-underline lqd-highlight-grow-left\" ><span class=\"ld-fh-txt\"> <strong>Tango y Danza Movimiento Terapia DMT \u2013 Conversaciones con el Maestro Rodolfo Dinzel<\/strong><\/span><\/h3><\/div><style>.ld_spacer_6a06dbe6185af{height:28px;}<\/style>\n<div class=\"ld-empty-space ld_spacer_6a06dbe6185af\"><span class=\"liquid_empty_space_inner\"><\/span><\/div>[vc_separator color=\u00bbcustom\u00bb align=\u00bbalign_left\u00bb el_width=\u00bb10&#8243; accent_color=\u00bb#ff7a4b\u00bb][vc_single_image image=\u00bb6602&#8243; img_size=\u00bbfull\u00bb alignment=\u00bbcenter\u00bb]<style>.ld_spacer_6a06dbe618617{height:32px;}<\/style>\n<div class=\"ld-empty-space ld_spacer_6a06dbe618617\"><span class=\"liquid_empty_space_inner\"><\/span><\/div>[\/vc_column][vc_column align=\u00bbtext-left\u00bb offset=\u00bbvc_col-md-offset-1 vc_col-md-6&#8243;][vc_column_text]<\/p>\n<p class=\"p1\"><span class=\"s1\">En contacto con la realidad. Tango y Danza Movimiento Terapia DMT. Conversaciones con el maestro Rodolfo Dinzel. &#8211; <\/span>Illustrationes: <span style=\"color: #ff0000;\"><a style=\"color: #ff0000;\" href=\"http:\/\/www.matteopeterlini.it\/index.html\" target=\"_blank\" rel=\"noopener noreferrer\">Matteo Peterlini<\/a><\/span> Fotos: <span style=\"color: #ff0000;\"><a style=\"color: #ff0000;\" href=\"http:\/\/www.luisrokeachphotography.com\/\" target=\"_blank\" rel=\"noopener noreferrer\">Luis Rokeach<\/a><\/span><\/p>\n<p class=\"p1\"><span class=\"s1\">Angela Nicotra identifica y analiza en este volumen las relaciones entre Tango y Danza Movimiento Terapia, DMT, ofreciendo herramientas te\u00f3ricas y pr\u00e1cticas encaminadas a enriquecer la eficacia terap\u00e9utica de ambas disciplinas. Nacido de conversaciones, lecciones e intercambios de habilidades con el gran maestro argentino Rodolfo Dinzel, fallecido en 2015, el texto ofrece una rigurosa investigaci\u00f3n psicof\u00edsica y emocional del tango, filtrada a trav\u00e9s de los principios de an\u00e1lisis del movimiento del DMT y Rudolf Laban. Esto permite explicar los efectos de la danza en la persona y proponer un contexto te\u00f3rico para comprender los fen\u00f3menos emocionales, poniendo de manifiesto el potencial relacional del Tango. La intenci\u00f3n es describir el posible desarrollo de la escucha, la conciencia y la atenci\u00f3n hacia uno mismo, la pareja y el entorno que lo rodea, un entorno entendido como espacio, m\u00fasica y comunidad.<\/span><\/p>\n<p class=\"p1\"><span class=\"s1\">Los Dinzel<\/span><\/p>\n<p class=\"p1\"><span class=\"s1\">A lo largo de cuarenta a\u00f1os de trabajo conjunto, Rodolfo y Gloria Dinzel han desarrollado un sistema pedag\u00f3gico y de difusi\u00f3n de la cultura del Tango. Gracias a ellos naci\u00f3 el Centro Educativo de Tango de Buenos Aires, CETBA, que ofrece una formaci\u00f3n de tres a\u00f1os como instructores de Tango danza, el \u00fanico curso de estudios de Tango reconocido por el Ministerio de Educaci\u00f3n de la ciudad. Los Dinzel fueron de los primeros en utilizar el Tango como herramienta terap\u00e9utica. Rodolfo Dinzel fue uno de los pocos profesores de Tango capaz de pensar en esta danza, m\u00e1s all\u00e1 de la coreograf\u00eda, como un sistema filos\u00f3fico, pedag\u00f3gico y de desarrollo del ser humano. En sus \u00faltimos a\u00f1os ha confiado sus ense\u00f1anzas en diversas formas a estudiantes, acad\u00e9micos y bailarines, quienes a su vez han fundado escuelas en sus propios pa\u00edses, escrito libros y art\u00edculos y desarrollado proyectos en torno al Tango. Incluso despu\u00e9s de su muerte en 2015, Rodolfo Dinzel contin\u00faa creando y alimentando profundos lazos entre los seres humanos a trav\u00e9s de su pensamiento.<\/span><\/p>\n<p>[\/vc_column_text]<style>.ld_spacer_6a06dbe61864c{height:32px;}<\/style>\n<div class=\"ld-empty-space ld_spacer_6a06dbe61864c\"><span class=\"liquid_empty_space_inner\"><\/span><\/div>[vc_column_text]<\/p>\n<div><span class=\"s2\">\u201c<\/span><span class=\"s1\"><i>Para quienes est\u00e1n familiarizados con la danza o buscan oportunidades para usarla con fines terap\u00e9uticos, este libro es esclarecedor. Sus diez cap\u00edtulos destacan que el objetivo de Angela Nicotra va m\u00e1s all\u00e1 de una medida normal de observaci\u00f3n anal\u00edtica. [&#8230;] Despu\u00e9s de leer este volumen, ya no sorprender\u00e1 que el tango encuentre su camino entre las diferentes formas de terapia corporal. [\u2026] En contacto con la realidad es un libro hermoso e importante, aunque no siempre sencillo, escrito para todos los amantes del tango con fines profesionales\u00a0<\/i>\u201d. Joachim Schloemer, \u201cTanz\u201d, enero de 2016<\/span><\/div>\n<p>[\/vc_column_text]<style>.ld_spacer_6a06dbe61867a{height:32px;}<\/style>\n<div class=\"ld-empty-space ld_spacer_6a06dbe61867a\"><span class=\"liquid_empty_space_inner\"><\/span><\/div>[vc_column_text]<strong><span class=\"s1\">Disponible en espa\u00f1ol Grupo Dinzel, Buenos Aires, italiano Ediciones Ephemeria 2018 &#8211; 23,00 \u20ac <\/span><span class=\"s1\">y alem\u00e1n, Logos, Berlin, 2015 &#8211; 35,00 \u20ac. ISBN 978-3-8325-3843-9 Publisher: Logos Verlag Berlin<\/span><\/strong><\/p>\n<p><strong>en el Kiosko de <span style=\"color: #ff0000;\"><a style=\"color: #ff0000;\" href=\"http:\/\/www.tangodanza.de\/product_info.php\/products_id\/1157\/cPath\/12\/neu-im-kiosko\/angela-nicotra---im-kontakt-mit-der-realitaet.html\" target=\"_blank\" rel=\"noopener noreferrer\">Tangodanza<\/a><\/span>,\u00a0 <span style=\"color: #ff0000;\"><a style=\"color: #ff0000;\" href=\"http:\/\/www.amazon.de\/Kontakt-mit-Realit%C3%A4t-Tanztherapie-Gespr%C3%A4che\/dp\/3832538437\/ref=sr_1_1?ie=UTF8&amp;qid=1447065949&amp;sr=8-1&amp;keywords=Im+Kontakt+mit+der+Realit%C3%A4t\" target=\"_blank\" rel=\"noopener noreferrer\">Amazon<\/a><\/span>,\u00a0 <span style=\"color: #ff0000;\"><a style=\"color: #ff0000;\" href=\"http:\/\/www.logos-verlag.de\/cgi-bin\/engbuchmid?isbn=3843&amp;lng=deu&amp;id=\" target=\"_blank\" rel=\"noopener noreferrer\">Logos Verlag<\/a><\/span> tambi\u00e9n como eBOOK!<\/strong>[\/vc_column_text]<style>.ld_spacer_6a06dbe6186a4{height:32px;}<\/style>\n<div class=\"ld-empty-space ld_spacer_6a06dbe6186a4\"><span class=\"liquid_empty_space_inner\"><\/span><\/div><style>.ld_button_6a06dbe618710.btn-icon-solid .btn-icon{background:rgb(228, 0, 15);}.ld_button_6a06dbe618710.btn-icon-circle.btn-icon-ripple .btn-icon:before{border-color:rgb(228, 0, 15);}.ld_button_6a06dbe618710{color:rgb(228, 0, 15);font-size:18 !important;font-weight:700 !important;letter-spacing:0.1em !important;}.ld_button_6a06dbe618710:before{background:rgb(228, 0, 15);}<\/style><a href=\"https:\/\/www.facebook.com\/TangoDMT\/?ref=search&#038;eid=ARCoDIOO6r3XXmjqTdC24LZVoWgP_5SFgzx6Sh9FPLSzJhc-xCkl9cNqcCA84TVBU3E3uD36_MCEJA3n\" target=\"_blank\" class=\"btn btn-underlined text-uppercase btn-bordered border-thin ld_button_6a06dbe618710\">\n\t<span>\n\t\t\n\t\t\t\t\t<span class=\"btn-txt\">Facebook<\/span>\n\t\t\t\n\t\t\t\t<\/span>\n<\/a>\n[\/vc_column][\/vc_row][vc_row css=\u00bb.vc_custom_1593964270816{padding-top: 50px !important;padding-bottom: 50px !important;background-image: url(https:\/\/nicadanza.com\/wp-content\/uploads\/2020\/07\/background-tango-5.jpg?id=4661) !important;}\u00bb][vc_column width=\u00bb1\/2&#8243;]<style>.ld_fancy_heading_6a06dbe618bc6 h2{color:rgb(255, 255, 255);}@media (min-width: 992px) { .ld_fancy_heading_6a06dbe618bc6 h2 {margin-bottom:0.2em !important;  }  } .ld_fancy_heading_6a06dbe618bc6 .lqd-highlight-inner{height:0.275em;bottom:0px;}@media (min-width: 992px) { .ld_fancy_heading_6a06dbe618bc6 h2 {margin-bottom:0.2em !important;  }  } <\/style><div class=\"ld-fancy-heading text-uppercase ld_fancy_heading_6a06dbe618bc6\">\n\t<h2 class=\"lqd-highlight-underline lqd-highlight-grow-left\" ><span class=\"ld-fh-txt\"> Presentaci\u00f3n del libro<\/span><\/h2><\/div><style>.ld_spacer_6a06dbe618eca{height:28px;}<\/style>\n<div class=\"ld-empty-space ld_spacer_6a06dbe618eca\"><span class=\"liquid_empty_space_inner\"><\/span><\/div>[vc_separator color=\u00bbcustom\u00bb align=\u00bbalign_left\u00bb el_width=\u00bb10&#8243; accent_color=\u00bb#ff7a4b\u00bb]<style>.ld_spacer_6a06dbe618f60{height:28px;}<\/style>\n<div class=\"ld-empty-space ld_spacer_6a06dbe618f60\"><span class=\"liquid_empty_space_inner\"><\/span><\/div>[vc_column_text]<\/p>\n<div class=\"\"><span style=\"color: #ffffff;\"><span class=\"\">La presentaci\u00f3n del libro es interactiva. <span class=\"JLqJ4b ChMk0b\" data-language-for-alternatives=\"es\" data-language-to-translate-into=\"de\" data-phrase-index=\"1\">Apta para librer\u00edas, bibliotecas y escuelas de Danza Terapia y Tango. Parte de la presentaci\u00f3n es un video sobre Estudio Dinzel en Buenos Aires y experiencias pr\u00e1cticas en vivo. Tambi\u00e9n habr\u00e1 tiempo para preguntas y discusiones.<\/span><\/span><\/span><\/div>\n<p>[\/vc_column_text]<style>.ld_spacer_6a06dbe618fcf{height:28px;}<\/style>\n<div class=\"ld-empty-space ld_spacer_6a06dbe618fcf\"><span class=\"liquid_empty_space_inner\"><\/span><\/div><style>.ld_button_6a06dbe619099.btn-icon-solid .btn-icon{background:rgb(241, 191, 79);}.ld_button_6a06dbe619099.btn-icon-circle.btn-icon-ripple .btn-icon:before{border-color:rgb(241, 191, 79);}.ld_button_6a06dbe619099{color:rgb(241, 191, 79);font-size:18 !important;font-weight:700 !important;letter-spacing:0.1em !important;}.ld_button_6a06dbe619099:before{background:rgb(241, 191, 79);}<\/style><a href=\"https:\/\/nicadanza.com\/es\/contacto\/\" class=\"btn btn-underlined text-uppercase btn-bordered border-thin ld_button_6a06dbe619099\">\n\t<span>\n\t\t\n\t\t\t\t\t<span class=\"btn-txt\">Reserva la presentaci\u00f3n<\/span>\n\t\t\t\n\t\t\t\t<\/span>\n<\/a>\n[\/vc_column][vc_column width=\u00bb1\/2&#8243;][vc_single_image image=\u00bb4660&#8243; img_size=\u00bbfull\u00bb alignment=\u00bbcenter\u00bb]<style>.ld_fancy_heading_6a06dbe6195d6 h3{font-size:18px;letter-spacing:0.05em;color:rgb(255, 255, 255);}.ld_fancy_heading_6a06dbe6195d6 .lqd-highlight-inner{height:0.275em;bottom:0px;}<\/style><div class=\"ld-fancy-heading ld_fancy_heading_6a06dbe6195d6\">\n\t<h3 class=\"lqd-highlight-underline lqd-highlight-grow-left\" ><span class=\"ld-fh-txt\"> [Foto: Presentaci\u00f3n en NOU Berlin, 2015, con Matteo Peterlini, Laura Rodriguez y Karsten Brettschneider]<\/span><\/h3><\/div>[\/vc_column][\/vc_row]<\/p>\n<\/div>","protected":false},"excerpt":{"rendered":"<p>[vc_row css=\u00bb.vc_custom_1592513274103{padding-top: 50px !important;padding-bottom: 50px !important;background: #bababa url(https:\/\/nicadanza.com\/wp-content\/uploads\/2020\/06\/background-tango.jpg?id=4529) !important;background-position: center !important;background-repeat: no-repeat !important;background-size: cover !important;}\u00bb][vc_column&#8230;<\/p>\n","protected":false},"author":2,"featured_media":0,"parent":0,"menu_order":0,"comment_status":"closed","ping_status":"closed","template":"","meta":{"footnotes":""},"class_list":["post-5492","page","type-page","status-publish","hentry"],"yoast_head":"<!-- This site is optimized with the Yoast SEO plugin v27.5 - https:\/\/yoast.com\/product\/yoast-seo-wordpress\/ -->\n<title>En contacto con la realidad - Libro sobre Tango Sistema Dinzel e Terapia<\/title>\n<meta name=\"description\" content=\"Un libro sobre el Tango y la Danza Movimiento Terapia DMT. Conversaciones con el maestro Rodolfo Dinzel. - Illustrationes: Matteo Peterlini - Fotos: Luis Rokeach. El libro contiene herramientas te\u00f3ricas y pr\u00e1cticas.\" \/>\n<meta name=\"robots\" content=\"index, follow, max-snippet:-1, max-image-preview:large, max-video-preview:-1\" \/>\n<link rel=\"canonical\" href=\"https:\/\/nicadanza.com\/es\/en-contacto-con-la-realidad\/\" \/>\n<meta property=\"og:locale\" content=\"es_ES\" \/>\n<meta property=\"og:type\" content=\"article\" \/>\n<meta property=\"og:title\" content=\"En contacto con la realidad - Libro sobre Tango Sistema Dinzel e Terapia\" \/>\n<meta property=\"og:description\" content=\"Un libro sobre el Tango y la Danza Movimiento Terapia DMT. Conversaciones con el maestro Rodolfo Dinzel. - Illustrationes: Matteo Peterlini - Fotos: Luis Rokeach. El libro contiene herramientas te\u00f3ricas y pr\u00e1cticas.\" \/>\n<meta property=\"og:url\" content=\"https:\/\/nicadanza.com\/es\/en-contacto-con-la-realidad\/\" \/>\n<meta property=\"og:site_name\" content=\"nicadanza\" \/>\n<meta property=\"article:publisher\" content=\"https:\/\/www.facebook.com\/nicadanza\" \/>\n<meta property=\"article:modified_time\" content=\"2023-12-12T11:33:58+00:00\" \/>\n<meta property=\"og:image\" content=\"https:\/\/nicadanza.com\/wp-content\/uploads\/2020\/11\/img_7649-scaled.jpg\" \/>\n\t<meta property=\"og:image:width\" content=\"2560\" \/>\n\t<meta property=\"og:image:height\" content=\"1707\" \/>\n\t<meta property=\"og:image:type\" content=\"image\/jpeg\" \/>\n<meta name=\"twitter:card\" content=\"summary_large_image\" \/>\n<meta name=\"twitter:site\" content=\"@Therapieraum\" \/>\n<meta name=\"twitter:label1\" content=\"Tiempo de lectura\" \/>\n\t<meta name=\"twitter:data1\" content=\"4 minutos\" \/>\n<script type=\"application\/ld+json\" class=\"yoast-schema-graph\">{\"@context\":\"https:\\\/\\\/schema.org\",\"@graph\":[{\"@type\":\"WebPage\",\"@id\":\"https:\\\/\\\/nicadanza.com\\\/es\\\/en-contacto-con-la-realidad\\\/\",\"url\":\"https:\\\/\\\/nicadanza.com\\\/es\\\/en-contacto-con-la-realidad\\\/\",\"name\":\"En contacto con la realidad - Libro sobre Tango Sistema Dinzel e Terapia\",\"isPartOf\":{\"@id\":\"https:\\\/\\\/nicadanza.com\\\/#website\"},\"datePublished\":\"2020-06-18T20:00:39+00:00\",\"dateModified\":\"2023-12-12T11:33:58+00:00\",\"description\":\"Un libro sobre el Tango y la Danza Movimiento Terapia DMT. Conversaciones con el maestro Rodolfo Dinzel. - Illustrationes: Matteo Peterlini - Fotos: Luis Rokeach. El libro contiene herramientas te\u00f3ricas y pr\u00e1cticas.\",\"breadcrumb\":{\"@id\":\"https:\\\/\\\/nicadanza.com\\\/es\\\/en-contacto-con-la-realidad\\\/#breadcrumb\"},\"inLanguage\":\"es\",\"potentialAction\":[{\"@type\":\"ReadAction\",\"target\":[\"https:\\\/\\\/nicadanza.com\\\/es\\\/en-contacto-con-la-realidad\\\/\"]}]},{\"@type\":\"BreadcrumbList\",\"@id\":\"https:\\\/\\\/nicadanza.com\\\/es\\\/en-contacto-con-la-realidad\\\/#breadcrumb\",\"itemListElement\":[{\"@type\":\"ListItem\",\"position\":1,\"name\":\"Startseite\",\"item\":\"https:\\\/\\\/nicadanza.com\\\/es\\\/\"},{\"@type\":\"ListItem\",\"position\":2,\"name\":\"Libro\"}]},{\"@type\":\"WebSite\",\"@id\":\"https:\\\/\\\/nicadanza.com\\\/#website\",\"url\":\"https:\\\/\\\/nicadanza.com\\\/\",\"name\":\"nicadanza\",\"description\":\"Bewegung und Tanz\",\"publisher\":{\"@id\":\"https:\\\/\\\/nicadanza.com\\\/#organization\"},\"potentialAction\":[{\"@type\":\"SearchAction\",\"target\":{\"@type\":\"EntryPoint\",\"urlTemplate\":\"https:\\\/\\\/nicadanza.com\\\/?s={search_term_string}\"},\"query-input\":{\"@type\":\"PropertyValueSpecification\",\"valueRequired\":true,\"valueName\":\"search_term_string\"}}],\"inLanguage\":\"es\"},{\"@type\":\"Organization\",\"@id\":\"https:\\\/\\\/nicadanza.com\\\/#organization\",\"name\":\"Nicadanza\",\"url\":\"https:\\\/\\\/nicadanza.com\\\/\",\"logo\":{\"@type\":\"ImageObject\",\"inLanguage\":\"es\",\"@id\":\"https:\\\/\\\/nicadanza.com\\\/#\\\/schema\\\/logo\\\/image\\\/\",\"url\":\"https:\\\/\\\/nicadanza.com\\\/wp-content\\\/uploads\\\/2020\\\/05\\\/Logo-nicadanza.png\",\"contentUrl\":\"https:\\\/\\\/nicadanza.com\\\/wp-content\\\/uploads\\\/2020\\\/05\\\/Logo-nicadanza.png\",\"width\":234,\"height\":100,\"caption\":\"Nicadanza\"},\"image\":{\"@id\":\"https:\\\/\\\/nicadanza.com\\\/#\\\/schema\\\/logo\\\/image\\\/\"},\"sameAs\":[\"https:\\\/\\\/www.facebook.com\\\/nicadanza\",\"https:\\\/\\\/x.com\\\/Therapieraum\",\"https:\\\/\\\/www.instagram.com\\\/angela_nicadanza\\\/?hl=de\",\"https:\\\/\\\/de.linkedin.com\\\/in\\\/angela-nicotra-00a28a90\",\"https:\\\/\\\/www.youtube.com\\\/channel\\\/UCvEIgjeir6iDFz-jUpcm3OA\"]}]}<\/script>\n<!-- \/ Yoast SEO plugin. -->","yoast_head_json":{"title":"En contacto con la realidad - Libro sobre Tango Sistema Dinzel e Terapia","description":"Un libro sobre el Tango y la Danza Movimiento Terapia DMT. Conversaciones con el maestro Rodolfo Dinzel. - Illustrationes: Matteo Peterlini - Fotos: Luis Rokeach. El libro contiene herramientas te\u00f3ricas y pr\u00e1cticas.","robots":{"index":"index","follow":"follow","max-snippet":"max-snippet:-1","max-image-preview":"max-image-preview:large","max-video-preview":"max-video-preview:-1"},"canonical":"https:\/\/nicadanza.com\/es\/en-contacto-con-la-realidad\/","og_locale":"es_ES","og_type":"article","og_title":"En contacto con la realidad - Libro sobre Tango Sistema Dinzel e Terapia","og_description":"Un libro sobre el Tango y la Danza Movimiento Terapia DMT. Conversaciones con el maestro Rodolfo Dinzel. - Illustrationes: Matteo Peterlini - Fotos: Luis Rokeach. El libro contiene herramientas te\u00f3ricas y pr\u00e1cticas.","og_url":"https:\/\/nicadanza.com\/es\/en-contacto-con-la-realidad\/","og_site_name":"nicadanza","article_publisher":"https:\/\/www.facebook.com\/nicadanza","article_modified_time":"2023-12-12T11:33:58+00:00","og_image":[{"width":2560,"height":1707,"url":"https:\/\/nicadanza.com\/wp-content\/uploads\/2020\/11\/img_7649-scaled.jpg","type":"image\/jpeg"}],"twitter_card":"summary_large_image","twitter_site":"@Therapieraum","twitter_misc":{"Tiempo de lectura":"4 minutos"},"schema":{"@context":"https:\/\/schema.org","@graph":[{"@type":"WebPage","@id":"https:\/\/nicadanza.com\/es\/en-contacto-con-la-realidad\/","url":"https:\/\/nicadanza.com\/es\/en-contacto-con-la-realidad\/","name":"En contacto con la realidad - Libro sobre Tango Sistema Dinzel e Terapia","isPartOf":{"@id":"https:\/\/nicadanza.com\/#website"},"datePublished":"2020-06-18T20:00:39+00:00","dateModified":"2023-12-12T11:33:58+00:00","description":"Un libro sobre el Tango y la Danza Movimiento Terapia DMT. Conversaciones con el maestro Rodolfo Dinzel. - Illustrationes: Matteo Peterlini - Fotos: Luis Rokeach. El libro contiene herramientas te\u00f3ricas y pr\u00e1cticas.","breadcrumb":{"@id":"https:\/\/nicadanza.com\/es\/en-contacto-con-la-realidad\/#breadcrumb"},"inLanguage":"es","potentialAction":[{"@type":"ReadAction","target":["https:\/\/nicadanza.com\/es\/en-contacto-con-la-realidad\/"]}]},{"@type":"BreadcrumbList","@id":"https:\/\/nicadanza.com\/es\/en-contacto-con-la-realidad\/#breadcrumb","itemListElement":[{"@type":"ListItem","position":1,"name":"Startseite","item":"https:\/\/nicadanza.com\/es\/"},{"@type":"ListItem","position":2,"name":"Libro"}]},{"@type":"WebSite","@id":"https:\/\/nicadanza.com\/#website","url":"https:\/\/nicadanza.com\/","name":"nicadanza","description":"Bewegung und Tanz","publisher":{"@id":"https:\/\/nicadanza.com\/#organization"},"potentialAction":[{"@type":"SearchAction","target":{"@type":"EntryPoint","urlTemplate":"https:\/\/nicadanza.com\/?s={search_term_string}"},"query-input":{"@type":"PropertyValueSpecification","valueRequired":true,"valueName":"search_term_string"}}],"inLanguage":"es"},{"@type":"Organization","@id":"https:\/\/nicadanza.com\/#organization","name":"Nicadanza","url":"https:\/\/nicadanza.com\/","logo":{"@type":"ImageObject","inLanguage":"es","@id":"https:\/\/nicadanza.com\/#\/schema\/logo\/image\/","url":"https:\/\/nicadanza.com\/wp-content\/uploads\/2020\/05\/Logo-nicadanza.png","contentUrl":"https:\/\/nicadanza.com\/wp-content\/uploads\/2020\/05\/Logo-nicadanza.png","width":234,"height":100,"caption":"Nicadanza"},"image":{"@id":"https:\/\/nicadanza.com\/#\/schema\/logo\/image\/"},"sameAs":["https:\/\/www.facebook.com\/nicadanza","https:\/\/x.com\/Therapieraum","https:\/\/www.instagram.com\/angela_nicadanza\/?hl=de","https:\/\/de.linkedin.com\/in\/angela-nicotra-00a28a90","https:\/\/www.youtube.com\/channel\/UCvEIgjeir6iDFz-jUpcm3OA"]}]}},"_links":{"self":[{"href":"https:\/\/nicadanza.com\/es\/wp-json\/wp\/v2\/pages\/5492","targetHints":{"allow":["GET"]}}],"collection":[{"href":"https:\/\/nicadanza.com\/es\/wp-json\/wp\/v2\/pages"}],"about":[{"href":"https:\/\/nicadanza.com\/es\/wp-json\/wp\/v2\/types\/page"}],"author":[{"embeddable":true,"href":"https:\/\/nicadanza.com\/es\/wp-json\/wp\/v2\/users\/2"}],"replies":[{"embeddable":true,"href":"https:\/\/nicadanza.com\/es\/wp-json\/wp\/v2\/comments?post=5492"}],"version-history":[{"count":13,"href":"https:\/\/nicadanza.com\/es\/wp-json\/wp\/v2\/pages\/5492\/revisions"}],"predecessor-version":[{"id":6618,"href":"https:\/\/nicadanza.com\/es\/wp-json\/wp\/v2\/pages\/5492\/revisions\/6618"}],"wp:attachment":[{"href":"https:\/\/nicadanza.com\/es\/wp-json\/wp\/v2\/media?parent=5492"}],"curies":[{"name":"wp","href":"https:\/\/api.w.org\/{rel}","templated":true}]}}