{"id":5509,"date":"2020-06-15T00:19:44","date_gmt":"2020-06-14T22:19:44","guid":{"rendered":"https:\/\/nicadanza.com\/angela-nicotra\/"},"modified":"2024-04-19T12:07:13","modified_gmt":"2024-04-19T10:07:13","slug":"angela-nicotra","status":"publish","type":"page","link":"https:\/\/nicadanza.com\/es\/angela-nicotra\/","title":{"rendered":"Sobre mi"},"content":{"rendered":"<div class=\"wpb-content-wrapper\"><p>[vc_row css=\u00bb.vc_custom_1594035635947{padding-top: 50px !important;padding-bottom: 50px !important;background: #6e2f4f url(https:\/\/nicadanza.com\/wp-content\/uploads\/2020\/07\/test7-scaled.jpg?id=4711) !important;background-position: center !important;background-repeat: no-repeat !important;background-size: cover !important;}\u00bb][vc_column offset=\u00bbvc_col-md-5&#8243;]<style>.ld_fancy_heading_6a06f483ce2d6 h2{color:rgb(255, 255, 255);}@media (min-width: 992px) { .ld_fancy_heading_6a06f483ce2d6 h2 {margin-bottom:0.2em !important;  }  } .ld_fancy_heading_6a06f483ce2d6 .lqd-highlight-inner{height:0.275em;bottom:0px;}@media (min-width: 992px) { .ld_fancy_heading_6a06f483ce2d6 h2 {margin-bottom:0.2em !important;  }  } <\/style><div class=\"ld-fancy-heading text-uppercase ld_fancy_heading_6a06f483ce2d6\">\n\t<h2 class=\"lqd-highlight-underline lqd-highlight-grow-left\" ><span class=\"ld-fh-txt\"> Angela Nicotra<\/span><\/h2><\/div><style>.ld_fancy_heading_6a06f483ce3fd h3{font-size:18px;letter-spacing:0.05em;color:rgb(255, 149, 79);}.ld_fancy_heading_6a06f483ce3fd .lqd-highlight-inner{height:0.275em;bottom:0px;}<\/style><div class=\"ld-fancy-heading text-uppercase ld_fancy_heading_6a06f483ce3fd\">\n\t<h3 class=\"lqd-highlight-underline lqd-highlight-grow-left\" ><span class=\"ld-fh-txt\"> <strong>Danza, Movimiento y Gestaltterapeuta<\/strong><\/span><\/h3><\/div>[vc_separator color=\u00bbcustom\u00bb align=\u00bbalign_left\u00bb el_width=\u00bb10&#8243; accent_color=\u00bb#ff7a4b\u00bb][vc_single_image image=\u00bb4706&#8243; img_size=\u00bbfull\u00bb alignment=\u00bbcenter\u00bb]<style>.ld_spacer_6a06f483ce48a{height:32px;}<\/style>\n<div class=\"ld-empty-space ld_spacer_6a06f483ce48a\"><span class=\"liquid_empty_space_inner\"><\/span><\/div>[\/vc_column][vc_column align=\u00bbtext-left\u00bb offset=\u00bbvc_col-md-offset-1 vc_col-md-6&#8243;][vc_column_text]<\/p>\n<p class=\"p1\"><span class=\"s1\" style=\"color: #ffffff;\">Durante mis estudios universitarios en el DAMS de Bologna, profundic\u00e9 en mis experiencias de danza, teatro y movimiento. Empec\u00e9 a ense\u00f1ar expresi\u00f3n corporal a partir del 2000 en Berl\u00edn. Desde 2006 trabajo como terapeuta de danza y de psicoterapia con m\u00e9todos no convencionales (Heilpraktik f\u00fcr Psychotherapie). Trabaj\u00e9 durante seis a\u00f1os en un hospital psiqui\u00e1trico judicial en Alemania ofreciendo talleres de movimiento creativo y teatro. En Argentina colabor\u00e9 con varias instituciones de danzaterapia como Brecha y la Asociaci\u00f3n Argentina de Danzaterapia AADT y de Tango, CETBA y Estudio Dinzel. En 2012, asist\u00ed a varios seminarios con dos pioneras de la danzaterapia Anna Halprin y su hija Daria en el Instituto Tamalpa en California.<\/span><\/p>\n<p class=\"p1\"><span class=\"s1\" style=\"color: #ffffff;\">En 2013 inaugur\u00e9 mi espacio de movimiento y terapia en Berl\u00edn. Soy autora de \u00abEn contacto con la realidad\u00bb, libro sobre los efectos terap\u00e9uticos del tango\u00a0 escrito con Rodolfo Dinzel, publicado en Alemania 2015, en Italia 2018 y en Argentina por Grupo Dinzel 2023.<\/span><\/p>\n<p>[\/vc_column_text]<style>.ld_spacer_6a06f483ce4e6{height:28px;}<\/style>\n<div class=\"ld-empty-space ld_spacer_6a06f483ce4e6\"><span class=\"liquid_empty_space_inner\"><\/span><\/div><style>.ld_button_6a06f483ce550.btn-icon-solid:hover .btn-icon{background:rgb(12, 62, 114);}.ld_button_6a06f483ce550:hover{color:rgb(12, 62, 114);}.ld_button_6a06f483ce550{font-size:18px !important;font-weight:700 !important;letter-spacing:0.1em !important;}<\/style><a href=\"https:\/\/nicadanza.com\/wp-content\/uploads\/2024\/04\/CVIT2024.pdf\" target=\"_blank\" class=\"btn btn-naked text-uppercase ld_button_6a06f483ce550\">\n\t<span>\n\t\t\n\t\t\t\t\t<span class=\"btn-txt\">DESCARGAR CV<\/span>\n\t\t\t\n\t\t\t\t<\/span>\n<\/a>\n[\/vc_column][\/vc_row]<\/p>\n<\/div>","protected":false},"excerpt":{"rendered":"<p>[vc_row css=\u00bb.vc_custom_1594035635947{padding-top: 50px !important;padding-bottom: 50px !important;background: #6e2f4f url(https:\/\/nicadanza.com\/wp-content\/uploads\/2020\/07\/test7-scaled.jpg?id=4711) !important;background-position: center !important;background-repeat: no-repeat !important;background-size: cover !important;}\u00bb][vc_column&#8230;<\/p>\n","protected":false},"author":2,"featured_media":0,"parent":0,"menu_order":0,"comment_status":"closed","ping_status":"closed","template":"","meta":{"footnotes":""},"class_list":["post-5509","page","type-page","status-publish","hentry"],"yoast_head":"<!-- This site is optimized with the Yoast SEO plugin v27.5 - https:\/\/yoast.com\/product\/yoast-seo-wordpress\/ -->\n<title>Angela Nicotra - Nicadanza - Terapia Gestalt danza Movimiento<\/title>\n<meta name=\"description\" content=\"Angela Nicotra estudia Teatro en Italia. Terapeuta de Danza y Movimiento ofrece cursos de formaci\u00f3n y seminarios en Berl\u00edn, Buenos Aires y varias ciudades europeas.\" \/>\n<meta name=\"robots\" content=\"index, follow, max-snippet:-1, max-image-preview:large, max-video-preview:-1\" \/>\n<link rel=\"canonical\" href=\"https:\/\/nicadanza.com\/es\/angela-nicotra\/\" \/>\n<meta property=\"og:locale\" content=\"es_ES\" \/>\n<meta property=\"og:type\" content=\"article\" \/>\n<meta property=\"og:title\" content=\"Angela Nicotra - Nicadanza - Terapia Gestalt danza Movimiento\" \/>\n<meta property=\"og:description\" content=\"Angela Nicotra estudia Teatro en Italia. Terapeuta de Danza y Movimiento ofrece cursos de formaci\u00f3n y seminarios en Berl\u00edn, Buenos Aires y varias ciudades europeas.\" \/>\n<meta property=\"og:url\" content=\"https:\/\/nicadanza.com\/es\/angela-nicotra\/\" \/>\n<meta property=\"og:site_name\" content=\"nicadanza\" \/>\n<meta property=\"article:publisher\" content=\"https:\/\/www.facebook.com\/nicadanza\" \/>\n<meta property=\"article:modified_time\" content=\"2024-04-19T10:07:13+00:00\" \/>\n<meta property=\"og:image\" content=\"https:\/\/nicadanza.com\/wp-content\/uploads\/2020\/11\/img_7649-scaled.jpg\" \/>\n\t<meta property=\"og:image:width\" content=\"2560\" \/>\n\t<meta property=\"og:image:height\" content=\"1707\" \/>\n\t<meta property=\"og:image:type\" content=\"image\/jpeg\" \/>\n<meta name=\"twitter:card\" content=\"summary_large_image\" \/>\n<meta name=\"twitter:site\" content=\"@Therapieraum\" \/>\n<meta name=\"twitter:label1\" content=\"Tiempo de lectura\" \/>\n\t<meta name=\"twitter:data1\" content=\"2 minutos\" \/>\n<script type=\"application\/ld+json\" class=\"yoast-schema-graph\">{\"@context\":\"https:\\\/\\\/schema.org\",\"@graph\":[{\"@type\":\"WebPage\",\"@id\":\"https:\\\/\\\/nicadanza.com\\\/es\\\/angela-nicotra\\\/\",\"url\":\"https:\\\/\\\/nicadanza.com\\\/es\\\/angela-nicotra\\\/\",\"name\":\"Angela Nicotra - Nicadanza - Terapia Gestalt danza Movimiento\",\"isPartOf\":{\"@id\":\"https:\\\/\\\/nicadanza.com\\\/#website\"},\"datePublished\":\"2020-06-14T22:19:44+00:00\",\"dateModified\":\"2024-04-19T10:07:13+00:00\",\"description\":\"Angela Nicotra estudia Teatro en Italia. Terapeuta de Danza y Movimiento ofrece cursos de formaci\u00f3n y seminarios en Berl\u00edn, Buenos Aires y varias ciudades europeas.\",\"breadcrumb\":{\"@id\":\"https:\\\/\\\/nicadanza.com\\\/es\\\/angela-nicotra\\\/#breadcrumb\"},\"inLanguage\":\"es\",\"potentialAction\":[{\"@type\":\"ReadAction\",\"target\":[\"https:\\\/\\\/nicadanza.com\\\/es\\\/angela-nicotra\\\/\"]}]},{\"@type\":\"BreadcrumbList\",\"@id\":\"https:\\\/\\\/nicadanza.com\\\/es\\\/angela-nicotra\\\/#breadcrumb\",\"itemListElement\":[{\"@type\":\"ListItem\",\"position\":1,\"name\":\"Startseite\",\"item\":\"https:\\\/\\\/nicadanza.com\\\/es\\\/\"},{\"@type\":\"ListItem\",\"position\":2,\"name\":\"Sobre mi\"}]},{\"@type\":\"WebSite\",\"@id\":\"https:\\\/\\\/nicadanza.com\\\/#website\",\"url\":\"https:\\\/\\\/nicadanza.com\\\/\",\"name\":\"nicadanza\",\"description\":\"Bewegung und Tanz\",\"publisher\":{\"@id\":\"https:\\\/\\\/nicadanza.com\\\/#organization\"},\"potentialAction\":[{\"@type\":\"SearchAction\",\"target\":{\"@type\":\"EntryPoint\",\"urlTemplate\":\"https:\\\/\\\/nicadanza.com\\\/?s={search_term_string}\"},\"query-input\":{\"@type\":\"PropertyValueSpecification\",\"valueRequired\":true,\"valueName\":\"search_term_string\"}}],\"inLanguage\":\"es\"},{\"@type\":\"Organization\",\"@id\":\"https:\\\/\\\/nicadanza.com\\\/#organization\",\"name\":\"Nicadanza\",\"url\":\"https:\\\/\\\/nicadanza.com\\\/\",\"logo\":{\"@type\":\"ImageObject\",\"inLanguage\":\"es\",\"@id\":\"https:\\\/\\\/nicadanza.com\\\/#\\\/schema\\\/logo\\\/image\\\/\",\"url\":\"https:\\\/\\\/nicadanza.com\\\/wp-content\\\/uploads\\\/2020\\\/05\\\/Logo-nicadanza.png\",\"contentUrl\":\"https:\\\/\\\/nicadanza.com\\\/wp-content\\\/uploads\\\/2020\\\/05\\\/Logo-nicadanza.png\",\"width\":234,\"height\":100,\"caption\":\"Nicadanza\"},\"image\":{\"@id\":\"https:\\\/\\\/nicadanza.com\\\/#\\\/schema\\\/logo\\\/image\\\/\"},\"sameAs\":[\"https:\\\/\\\/www.facebook.com\\\/nicadanza\",\"https:\\\/\\\/x.com\\\/Therapieraum\",\"https:\\\/\\\/www.instagram.com\\\/angela_nicadanza\\\/?hl=de\",\"https:\\\/\\\/de.linkedin.com\\\/in\\\/angela-nicotra-00a28a90\",\"https:\\\/\\\/www.youtube.com\\\/channel\\\/UCvEIgjeir6iDFz-jUpcm3OA\"]}]}<\/script>\n<!-- \/ Yoast SEO plugin. -->","yoast_head_json":{"title":"Angela Nicotra - Nicadanza - Terapia Gestalt danza Movimiento","description":"Angela Nicotra estudia Teatro en Italia. Terapeuta de Danza y Movimiento ofrece cursos de formaci\u00f3n y seminarios en Berl\u00edn, Buenos Aires y varias ciudades europeas.","robots":{"index":"index","follow":"follow","max-snippet":"max-snippet:-1","max-image-preview":"max-image-preview:large","max-video-preview":"max-video-preview:-1"},"canonical":"https:\/\/nicadanza.com\/es\/angela-nicotra\/","og_locale":"es_ES","og_type":"article","og_title":"Angela Nicotra - Nicadanza - Terapia Gestalt danza Movimiento","og_description":"Angela Nicotra estudia Teatro en Italia. Terapeuta de Danza y Movimiento ofrece cursos de formaci\u00f3n y seminarios en Berl\u00edn, Buenos Aires y varias ciudades europeas.","og_url":"https:\/\/nicadanza.com\/es\/angela-nicotra\/","og_site_name":"nicadanza","article_publisher":"https:\/\/www.facebook.com\/nicadanza","article_modified_time":"2024-04-19T10:07:13+00:00","og_image":[{"width":2560,"height":1707,"url":"https:\/\/nicadanza.com\/wp-content\/uploads\/2020\/11\/img_7649-scaled.jpg","type":"image\/jpeg"}],"twitter_card":"summary_large_image","twitter_site":"@Therapieraum","twitter_misc":{"Tiempo de lectura":"2 minutos"},"schema":{"@context":"https:\/\/schema.org","@graph":[{"@type":"WebPage","@id":"https:\/\/nicadanza.com\/es\/angela-nicotra\/","url":"https:\/\/nicadanza.com\/es\/angela-nicotra\/","name":"Angela Nicotra - Nicadanza - Terapia Gestalt danza Movimiento","isPartOf":{"@id":"https:\/\/nicadanza.com\/#website"},"datePublished":"2020-06-14T22:19:44+00:00","dateModified":"2024-04-19T10:07:13+00:00","description":"Angela Nicotra estudia Teatro en Italia. Terapeuta de Danza y Movimiento ofrece cursos de formaci\u00f3n y seminarios en Berl\u00edn, Buenos Aires y varias ciudades europeas.","breadcrumb":{"@id":"https:\/\/nicadanza.com\/es\/angela-nicotra\/#breadcrumb"},"inLanguage":"es","potentialAction":[{"@type":"ReadAction","target":["https:\/\/nicadanza.com\/es\/angela-nicotra\/"]}]},{"@type":"BreadcrumbList","@id":"https:\/\/nicadanza.com\/es\/angela-nicotra\/#breadcrumb","itemListElement":[{"@type":"ListItem","position":1,"name":"Startseite","item":"https:\/\/nicadanza.com\/es\/"},{"@type":"ListItem","position":2,"name":"Sobre mi"}]},{"@type":"WebSite","@id":"https:\/\/nicadanza.com\/#website","url":"https:\/\/nicadanza.com\/","name":"nicadanza","description":"Bewegung und Tanz","publisher":{"@id":"https:\/\/nicadanza.com\/#organization"},"potentialAction":[{"@type":"SearchAction","target":{"@type":"EntryPoint","urlTemplate":"https:\/\/nicadanza.com\/?s={search_term_string}"},"query-input":{"@type":"PropertyValueSpecification","valueRequired":true,"valueName":"search_term_string"}}],"inLanguage":"es"},{"@type":"Organization","@id":"https:\/\/nicadanza.com\/#organization","name":"Nicadanza","url":"https:\/\/nicadanza.com\/","logo":{"@type":"ImageObject","inLanguage":"es","@id":"https:\/\/nicadanza.com\/#\/schema\/logo\/image\/","url":"https:\/\/nicadanza.com\/wp-content\/uploads\/2020\/05\/Logo-nicadanza.png","contentUrl":"https:\/\/nicadanza.com\/wp-content\/uploads\/2020\/05\/Logo-nicadanza.png","width":234,"height":100,"caption":"Nicadanza"},"image":{"@id":"https:\/\/nicadanza.com\/#\/schema\/logo\/image\/"},"sameAs":["https:\/\/www.facebook.com\/nicadanza","https:\/\/x.com\/Therapieraum","https:\/\/www.instagram.com\/angela_nicadanza\/?hl=de","https:\/\/de.linkedin.com\/in\/angela-nicotra-00a28a90","https:\/\/www.youtube.com\/channel\/UCvEIgjeir6iDFz-jUpcm3OA"]}]}},"_links":{"self":[{"href":"https:\/\/nicadanza.com\/es\/wp-json\/wp\/v2\/pages\/5509","targetHints":{"allow":["GET"]}}],"collection":[{"href":"https:\/\/nicadanza.com\/es\/wp-json\/wp\/v2\/pages"}],"about":[{"href":"https:\/\/nicadanza.com\/es\/wp-json\/wp\/v2\/types\/page"}],"author":[{"embeddable":true,"href":"https:\/\/nicadanza.com\/es\/wp-json\/wp\/v2\/users\/2"}],"replies":[{"embeddable":true,"href":"https:\/\/nicadanza.com\/es\/wp-json\/wp\/v2\/comments?post=5509"}],"version-history":[{"count":8,"href":"https:\/\/nicadanza.com\/es\/wp-json\/wp\/v2\/pages\/5509\/revisions"}],"predecessor-version":[{"id":6662,"href":"https:\/\/nicadanza.com\/es\/wp-json\/wp\/v2\/pages\/5509\/revisions\/6662"}],"wp:attachment":[{"href":"https:\/\/nicadanza.com\/es\/wp-json\/wp\/v2\/media?parent=5509"}],"curies":[{"name":"wp","href":"https:\/\/api.w.org\/{rel}","templated":true}]}}