{"id":5511,"date":"2020-06-19T00:54:01","date_gmt":"2020-06-18T22:54:01","guid":{"rendered":"https:\/\/nicadanza.com\/bewegung-und-tanz-auf-sizilien\/"},"modified":"2020-12-05T11:13:36","modified_gmt":"2020-12-05T10:13:36","slug":"nicadanza-en-viaje","status":"publish","type":"page","link":"https:\/\/nicadanza.com\/es\/nicadanza-en-viaje\/","title":{"rendered":"Viajando"},"content":{"rendered":"<div class=\"wpb-content-wrapper\"><p>[vc_row css=\u00bb.vc_custom_1592551599589{padding-top: 50px !important;padding-bottom: 50px !important;background: #bababa url(https:\/\/nicadanza.com\/wp-content\/uploads\/2020\/06\/background_05.jpg?id=4579) !important;background-position: center !important;background-repeat: no-repeat !important;background-size: cover !important;}\u00bb][vc_column offset=\u00bbvc_col-md-5&#8243;]<style>.ld_fancy_heading_6a06dbb78811b h2{color:rgb(255, 255, 255);}@media (min-width: 992px) { .ld_fancy_heading_6a06dbb78811b h2 {margin-bottom:0.2em !important;  }  } .ld_fancy_heading_6a06dbb78811b .lqd-highlight-inner{height:0.275em;bottom:0px;}@media (min-width: 992px) { .ld_fancy_heading_6a06dbb78811b h2 {margin-bottom:0.2em !important;  }  } <\/style><div class=\"ld-fancy-heading text-uppercase ld_fancy_heading_6a06dbb78811b\">\n\t<h2 class=\"lqd-highlight-underline lqd-highlight-grow-left\" ><span class=\"ld-fh-txt\"> Viajando<\/span><\/h2><\/div><style>.ld_fancy_heading_6a06dbb7882b6 h3{font-size:18px;letter-spacing:0.05em;color:rgb(0, 111, 96);}.ld_fancy_heading_6a06dbb7882b6 .lqd-highlight-inner{height:0.275em;bottom:0px;}<\/style><div class=\"ld-fancy-heading text-uppercase ld_fancy_heading_6a06dbb7882b6\">\n\t<h3 class=\"lqd-highlight-underline lqd-highlight-grow-left\" ><span class=\"ld-fh-txt\"> <strong>Danza Movimiento Terapia y QiGong en Sicilia<\/strong><\/span><\/h3><\/div><style>.ld_spacer_6a06dbb78838b{height:28px;}<\/style>\n<div class=\"ld-empty-space ld_spacer_6a06dbb78838b\"><span class=\"liquid_empty_space_inner\"><\/span><\/div>[vc_separator color=\u00bbcustom\u00bb align=\u00bbalign_left\u00bb el_width=\u00bb10&#8243; accent_color=\u00bb#ff7a4b\u00bb][vc_single_image image=\u00bb4558&#8243; img_size=\u00bbfull\u00bb alignment=\u00bbcenter\u00bb][vc_column_text]Angela y Giuseppe ofrecen su trabajo en sinergia en Catania<\/p>\n<p><span class=\"JLqJ4b\" data-language-for-alternatives=\"es\" data-language-to-translate-into=\"it\" data-phrase-index=\"1\"><span class=\"JLqJ4b ChMk0b\" data-language-for-alternatives=\"es\" data-language-to-translate-into=\"it\" data-phrase-index=\"2\">Del 1 al 5 de febrero la ciudad est\u00e1 m\u00e1s animada y colorida que de costumbre, est\u00e1 llena de luces y s\u00edmbolos. Con Giuseppe Giannoccaro compartiremos la pr\u00e1ctica de Ziheng Qigong y con Angela su entrenamiento basado en percepci\u00f3n, movimiento libre y guiado y ejercicios de relajaci\u00f3n. La pr\u00e1ctica de la danzaterapia y QiGong ofrece enraizamiento, postura, contacto, flexibilidad, vitalidad pero sobre todo conexi\u00f3n con uno mismo y con el entorno circundante.\u00a0 \u00a1Buscamos la unidad!<\/span><\/span><\/p>\n<p><span class=\"JLqJ4b\" data-language-for-alternatives=\"es\" data-language-to-translate-into=\"it\" data-phrase-index=\"1\"><span class=\"JLqJ4b ChMk0b\" data-language-for-alternatives=\"es\" data-language-to-translate-into=\"it\" data-phrase-index=\"2\">Habr\u00e1 tiempo para descubrir la ciudad de Catania y por la ma\u00f1ana y por la noche nos reuniremos en el estudio para practicar. El retiro se llevar\u00e1 a cabo en varios idiomas, est\u00e1n bienvenidos!<\/span><\/span>[\/vc_column_text]<style>.ld_spacer_6a06dbb78841b{height:40px;}<\/style>\n<div class=\"ld-empty-space ld_spacer_6a06dbb78841b\"><span class=\"liquid_empty_space_inner\"><\/span><\/div><style>.ld_spacer_6a06dbb78847b{height:32px;}<\/style>\n<div class=\"ld-empty-space ld_spacer_6a06dbb78847b\"><span class=\"liquid_empty_space_inner\"><\/span><\/div>[vc_gallery type=\u00bbimage_grid\u00bb images=\u00bb4564,4565,4566&#8243;][\/vc_column][vc_column align=\u00bbtext-left\u00bb offset=\u00bbvc_col-md-offset-1 vc_col-md-6&#8243;]<style>.ld_fancy_heading_6a06dbb788516 h4{color:rgb(255, 255, 255);}@media (min-width: 992px) { .ld_fancy_heading_6a06dbb788516 h4 {margin-bottom:0.2em !important;  }  } .ld_fancy_heading_6a06dbb788516 .lqd-highlight-inner{height:0.275em;bottom:0px;}@media (min-width: 992px) { .ld_fancy_heading_6a06dbb788516 h4 {margin-bottom:0.2em !important;  }  } <\/style><div class=\"ld-fancy-heading text-uppercase ld_fancy_heading_6a06dbb788516\">\n\t<h4 class=\"lqd-highlight-underline lqd-highlight-grow-left\" ><span class=\"ld-fh-txt\"> Registrarse<\/span><\/h4><\/div><style>.ld_spacer_6a06dbb7885cb{height:16px;}<\/style>\n<div class=\"ld-empty-space ld_spacer_6a06dbb7885cb\"><span class=\"liquid_empty_space_inner\"><\/span><\/div>[vc_column_text]Air\u00e8 est\u00e1 en Via Luigi Castiglione 5, Catania<\/p>\n<p><span class=\"JLqJ4b\" data-language-for-alternatives=\"es\" data-language-to-translate-into=\"it\" data-phrase-index=\"1\"><span class=\"JLqJ4b ChMk0b\" data-language-for-alternatives=\"es\" data-language-to-translate-into=\"it\" data-phrase-index=\"2\">Giuseppe und Angela tambi\u00e9n ofrecen sesiones individuales bajo petici\u00f3n. <\/span><\/span><span class=\"JLqJ4b\" data-language-for-alternatives=\"es\" data-language-to-translate-into=\"it\" data-phrase-index=\"1\"><span class=\"JLqJ4b ChMk0b\" data-language-for-alternatives=\"es\" data-language-to-translate-into=\"it\" data-phrase-index=\"2\">Tambi\u00e9n es posible participar solo por un d\u00eda.<\/span><\/span><\/p>\n<p><strong><span class=\"JLqJ4b\" data-language-for-alternatives=\"es\" data-language-to-translate-into=\"it\" data-phrase-index=\"1\"><span class=\"JLqJ4b ChMk0b\" data-language-for-alternatives=\"es\" data-language-to-translate-into=\"it\" data-phrase-index=\"2\">Por el momento se posponen los seminarios en Sicilia. A la espera de poder viajar juntos nuevamente, comparto con ustedes algunos momentos de nuestro trabajo en este VIDEO<\/span><\/span><\/strong>[\/vc_column_text]<style>.ld_spacer_6a06dbb78862c{height:32px;}<\/style>\n<div class=\"ld-empty-space ld_spacer_6a06dbb78862c\"><span class=\"liquid_empty_space_inner\"><\/span><\/div>[vc_video link=\u00bbhttps:\/\/www.youtube.com\/watch?v=8KLeF2Hf7jE&amp;feature=youtu.be\u00bb]<style>.ld_spacer_6a06dbb788685{height:32px;}<\/style>\n<div class=\"ld-empty-space ld_spacer_6a06dbb788685\"><span class=\"liquid_empty_space_inner\"><\/span><\/div><style>.ld_fancy_heading_6a06dbb78871b h4{color:rgb(255, 255, 255);}@media (min-width: 992px) { .ld_fancy_heading_6a06dbb78871b h4 {margin-bottom:0.2em !important;  }  } .ld_fancy_heading_6a06dbb78871b .lqd-highlight-inner{height:0.275em;bottom:0px;}@media (min-width: 992px) { .ld_fancy_heading_6a06dbb78871b h4 {margin-bottom:0.2em !important;  }  } <\/style><div class=\"ld-fancy-heading text-uppercase ld_fancy_heading_6a06dbb78871b\">\n\t<h4 class=\"lqd-highlight-underline lqd-highlight-grow-left\" ><span class=\"ld-fh-txt\"> Quienes somos<\/span><\/h4><\/div><style>.ld_spacer_6a06dbb7887c7{height:16px;}<\/style>\n<div class=\"ld-empty-space ld_spacer_6a06dbb7887c7\"><span class=\"liquid_empty_space_inner\"><\/span><\/div>[vc_column_text]<strong>Angela Nicotra,<\/strong> danzamovimemtoterapeuta y terapeuta Gestalt, ha estado ofreciendo cursos de gimnasia postural y movimiento consciente en Berl\u00edn desde 2000.<\/p>\n<p><span class=\"JLqJ4b\" data-language-for-alternatives=\"es\" data-language-to-translate-into=\"it\" data-phrase-index=\"1\"><span class=\"JLqJ4b ChMk0b\" data-language-for-alternatives=\"es\" data-language-to-translate-into=\"it\" data-phrase-index=\"2\"><strong>Giuseppe Giannoccaro<\/strong> es profesor de Educaci\u00f3n F\u00edsica y Qi Gong FISTQ (Federaci\u00f3n Italiana de Escuelas Tuina y Qigong). Desde 1992 practica Iokai Shiatzu con la Academie d&#8217;Europe. Desde el 2000 se ha dedicado a estudiar una forma particular de QiGong, Zhineng Qi Gong. Sus Maestros: Liu Jianshe, Wei Qifeng, Xi Xiaofeng, Ooi kean Hin, Gao Yuan. Air\u00e9 es un espacio para el movimiento, Shiatsu, QiGong y otras disciplinas hol\u00edsticas.<\/span><\/span>[\/vc_column_text]<style>.ld_spacer_6a06dbb788825{height:28px;}<\/style>\n<div class=\"ld-empty-space ld_spacer_6a06dbb788825\"><span class=\"liquid_empty_space_inner\"><\/span><\/div><style>.ld_button_6a06dbb7888cd.btn-icon-solid .btn-icon{background:rgb(0, 111, 96);}.ld_button_6a06dbb7888cd.btn-icon-circle.btn-icon-ripple .btn-icon:before{border-color:rgb(0, 111, 96);}.ld_button_6a06dbb7888cd.btn-icon-solid:hover .btn-icon{background:rgb(12, 62, 114);}.ld_button_6a06dbb7888cd{color:rgb(0, 111, 96);font-size:18px !important;font-weight:700 !important;letter-spacing:0.1em !important;}.ld_button_6a06dbb7888cd:hover{color:rgb(12, 62, 114);}<\/style><a href=\"https:\/\/nicadanza.com\/wp-content\/uploads\/2019\/11\/AformularCT20.pdf\" class=\"btn btn-naked text-uppercase ld_button_6a06dbb7888cd\">\n\t<span>\n\t\t\n\t\t\t\t\t<span class=\"btn-txt\">Formulario<\/span>\n\t\t\t\n\t\t\t\t<\/span>\n<\/a>\n<style>.ld_spacer_6a06dbb788d3e{height:32px;}<\/style>\n<div class=\"ld-empty-space ld_spacer_6a06dbb788d3e\"><span class=\"liquid_empty_space_inner\"><\/span><\/div><style>.ld_button_6a06dbb788e3d.btn-icon-solid .btn-icon{background:rgb(0, 111, 96);}.ld_button_6a06dbb788e3d.btn-icon-circle.btn-icon-ripple .btn-icon:before{border-color:rgb(0, 111, 96);}.ld_button_6a06dbb788e3d.btn-icon-solid:hover .btn-icon{background:rgb(12, 62, 114);}.ld_button_6a06dbb788e3d{color:rgb(0, 111, 96);font-size:18px !important;font-weight:700 !important;letter-spacing:0.1em !important;}.ld_button_6a06dbb788e3d:hover{color:rgb(12, 62, 114);}<\/style><a href=\"https:\/\/www.facebook.com\/Bewegung-und-Tanz-auf-Sizilien-2132600110342778\/\" target=\"_blank\" class=\"btn btn-naked text-uppercase ld_button_6a06dbb788e3d\">\n\t<span>\n\t\t\n\t\t\t\t\t<span class=\"btn-txt\">Ir a Facebook<\/span>\n\t\t\t\n\t\t\t\t<\/span>\n<\/a>\n[\/vc_column][\/vc_row]<\/p>\n<\/div>","protected":false},"excerpt":{"rendered":"<p>[vc_row css=\u00bb.vc_custom_1592551599589{padding-top: 50px !important;padding-bottom: 50px !important;background: #bababa url(https:\/\/nicadanza.com\/wp-content\/uploads\/2020\/06\/background_05.jpg?id=4579) !important;background-position: center !important;background-repeat: no-repeat !important;background-size: cover !important;}\u00bb][vc_column&#8230;<\/p>\n","protected":false},"author":2,"featured_media":0,"parent":0,"menu_order":0,"comment_status":"closed","ping_status":"closed","template":"","meta":{"footnotes":""},"class_list":["post-5511","page","type-page","status-publish","hentry"],"yoast_head":"<!-- This site is optimized with the Yoast SEO plugin v27.5 - https:\/\/yoast.com\/product\/yoast-seo-wordpress\/ -->\n<title>Viajando - nicadanza<\/title>\n<meta name=\"robots\" content=\"index, follow, max-snippet:-1, max-image-preview:large, max-video-preview:-1\" \/>\n<link rel=\"canonical\" href=\"https:\/\/nicadanza.com\/es\/nicadanza-en-viaje\/\" \/>\n<meta property=\"og:locale\" content=\"es_ES\" \/>\n<meta property=\"og:type\" content=\"article\" \/>\n<meta property=\"og:title\" content=\"Viajando - nicadanza\" \/>\n<meta property=\"og:description\" content=\"[vc_row css=\u00bb.vc_custom_1592551599589{padding-top: 50px !important;padding-bottom: 50px !important;background: #bababa url(https:\/\/nicadanza.com\/wp-content\/uploads\/2020\/06\/background_05.jpg?id=4579) !important;background-position: center !important;background-repeat: no-repeat !important;background-size: cover !important;}\u00bb][vc_column...\" \/>\n<meta property=\"og:url\" content=\"https:\/\/nicadanza.com\/es\/nicadanza-en-viaje\/\" \/>\n<meta property=\"og:site_name\" content=\"nicadanza\" \/>\n<meta property=\"article:publisher\" content=\"https:\/\/www.facebook.com\/nicadanza\" \/>\n<meta property=\"article:modified_time\" content=\"2020-12-05T10:13:36+00:00\" \/>\n<meta property=\"og:image\" content=\"https:\/\/nicadanza.com\/wp-content\/uploads\/2020\/11\/img_7649-scaled.jpg\" \/>\n\t<meta property=\"og:image:width\" content=\"2560\" \/>\n\t<meta property=\"og:image:height\" content=\"1707\" \/>\n\t<meta property=\"og:image:type\" content=\"image\/jpeg\" \/>\n<meta name=\"twitter:card\" content=\"summary_large_image\" \/>\n<meta name=\"twitter:site\" content=\"@Therapieraum\" \/>\n<meta name=\"twitter:label1\" content=\"Tiempo de lectura\" \/>\n\t<meta name=\"twitter:data1\" content=\"3 minutos\" \/>\n<script type=\"application\/ld+json\" class=\"yoast-schema-graph\">{\"@context\":\"https:\\\/\\\/schema.org\",\"@graph\":[{\"@type\":\"WebPage\",\"@id\":\"https:\\\/\\\/nicadanza.com\\\/es\\\/nicadanza-en-viaje\\\/\",\"url\":\"https:\\\/\\\/nicadanza.com\\\/es\\\/nicadanza-en-viaje\\\/\",\"name\":\"Viajando - nicadanza\",\"isPartOf\":{\"@id\":\"https:\\\/\\\/nicadanza.com\\\/#website\"},\"datePublished\":\"2020-06-18T22:54:01+00:00\",\"dateModified\":\"2020-12-05T10:13:36+00:00\",\"breadcrumb\":{\"@id\":\"https:\\\/\\\/nicadanza.com\\\/es\\\/nicadanza-en-viaje\\\/#breadcrumb\"},\"inLanguage\":\"es\",\"potentialAction\":[{\"@type\":\"ReadAction\",\"target\":[\"https:\\\/\\\/nicadanza.com\\\/es\\\/nicadanza-en-viaje\\\/\"]}]},{\"@type\":\"BreadcrumbList\",\"@id\":\"https:\\\/\\\/nicadanza.com\\\/es\\\/nicadanza-en-viaje\\\/#breadcrumb\",\"itemListElement\":[{\"@type\":\"ListItem\",\"position\":1,\"name\":\"Startseite\",\"item\":\"https:\\\/\\\/nicadanza.com\\\/es\\\/\"},{\"@type\":\"ListItem\",\"position\":2,\"name\":\"Viajando\"}]},{\"@type\":\"WebSite\",\"@id\":\"https:\\\/\\\/nicadanza.com\\\/#website\",\"url\":\"https:\\\/\\\/nicadanza.com\\\/\",\"name\":\"nicadanza\",\"description\":\"Bewegung und Tanz\",\"publisher\":{\"@id\":\"https:\\\/\\\/nicadanza.com\\\/#organization\"},\"potentialAction\":[{\"@type\":\"SearchAction\",\"target\":{\"@type\":\"EntryPoint\",\"urlTemplate\":\"https:\\\/\\\/nicadanza.com\\\/?s={search_term_string}\"},\"query-input\":{\"@type\":\"PropertyValueSpecification\",\"valueRequired\":true,\"valueName\":\"search_term_string\"}}],\"inLanguage\":\"es\"},{\"@type\":\"Organization\",\"@id\":\"https:\\\/\\\/nicadanza.com\\\/#organization\",\"name\":\"Nicadanza\",\"url\":\"https:\\\/\\\/nicadanza.com\\\/\",\"logo\":{\"@type\":\"ImageObject\",\"inLanguage\":\"es\",\"@id\":\"https:\\\/\\\/nicadanza.com\\\/#\\\/schema\\\/logo\\\/image\\\/\",\"url\":\"https:\\\/\\\/nicadanza.com\\\/wp-content\\\/uploads\\\/2020\\\/05\\\/Logo-nicadanza.png\",\"contentUrl\":\"https:\\\/\\\/nicadanza.com\\\/wp-content\\\/uploads\\\/2020\\\/05\\\/Logo-nicadanza.png\",\"width\":234,\"height\":100,\"caption\":\"Nicadanza\"},\"image\":{\"@id\":\"https:\\\/\\\/nicadanza.com\\\/#\\\/schema\\\/logo\\\/image\\\/\"},\"sameAs\":[\"https:\\\/\\\/www.facebook.com\\\/nicadanza\",\"https:\\\/\\\/x.com\\\/Therapieraum\",\"https:\\\/\\\/www.instagram.com\\\/angela_nicadanza\\\/?hl=de\",\"https:\\\/\\\/de.linkedin.com\\\/in\\\/angela-nicotra-00a28a90\",\"https:\\\/\\\/www.youtube.com\\\/channel\\\/UCvEIgjeir6iDFz-jUpcm3OA\"]}]}<\/script>\n<!-- \/ Yoast SEO plugin. -->","yoast_head_json":{"title":"Viajando - nicadanza","robots":{"index":"index","follow":"follow","max-snippet":"max-snippet:-1","max-image-preview":"max-image-preview:large","max-video-preview":"max-video-preview:-1"},"canonical":"https:\/\/nicadanza.com\/es\/nicadanza-en-viaje\/","og_locale":"es_ES","og_type":"article","og_title":"Viajando - nicadanza","og_description":"[vc_row css=\u00bb.vc_custom_1592551599589{padding-top: 50px !important;padding-bottom: 50px !important;background: #bababa url(https:\/\/nicadanza.com\/wp-content\/uploads\/2020\/06\/background_05.jpg?id=4579) !important;background-position: center !important;background-repeat: no-repeat !important;background-size: cover !important;}\u00bb][vc_column...","og_url":"https:\/\/nicadanza.com\/es\/nicadanza-en-viaje\/","og_site_name":"nicadanza","article_publisher":"https:\/\/www.facebook.com\/nicadanza","article_modified_time":"2020-12-05T10:13:36+00:00","og_image":[{"width":2560,"height":1707,"url":"https:\/\/nicadanza.com\/wp-content\/uploads\/2020\/11\/img_7649-scaled.jpg","type":"image\/jpeg"}],"twitter_card":"summary_large_image","twitter_site":"@Therapieraum","twitter_misc":{"Tiempo de lectura":"3 minutos"},"schema":{"@context":"https:\/\/schema.org","@graph":[{"@type":"WebPage","@id":"https:\/\/nicadanza.com\/es\/nicadanza-en-viaje\/","url":"https:\/\/nicadanza.com\/es\/nicadanza-en-viaje\/","name":"Viajando - nicadanza","isPartOf":{"@id":"https:\/\/nicadanza.com\/#website"},"datePublished":"2020-06-18T22:54:01+00:00","dateModified":"2020-12-05T10:13:36+00:00","breadcrumb":{"@id":"https:\/\/nicadanza.com\/es\/nicadanza-en-viaje\/#breadcrumb"},"inLanguage":"es","potentialAction":[{"@type":"ReadAction","target":["https:\/\/nicadanza.com\/es\/nicadanza-en-viaje\/"]}]},{"@type":"BreadcrumbList","@id":"https:\/\/nicadanza.com\/es\/nicadanza-en-viaje\/#breadcrumb","itemListElement":[{"@type":"ListItem","position":1,"name":"Startseite","item":"https:\/\/nicadanza.com\/es\/"},{"@type":"ListItem","position":2,"name":"Viajando"}]},{"@type":"WebSite","@id":"https:\/\/nicadanza.com\/#website","url":"https:\/\/nicadanza.com\/","name":"nicadanza","description":"Bewegung und Tanz","publisher":{"@id":"https:\/\/nicadanza.com\/#organization"},"potentialAction":[{"@type":"SearchAction","target":{"@type":"EntryPoint","urlTemplate":"https:\/\/nicadanza.com\/?s={search_term_string}"},"query-input":{"@type":"PropertyValueSpecification","valueRequired":true,"valueName":"search_term_string"}}],"inLanguage":"es"},{"@type":"Organization","@id":"https:\/\/nicadanza.com\/#organization","name":"Nicadanza","url":"https:\/\/nicadanza.com\/","logo":{"@type":"ImageObject","inLanguage":"es","@id":"https:\/\/nicadanza.com\/#\/schema\/logo\/image\/","url":"https:\/\/nicadanza.com\/wp-content\/uploads\/2020\/05\/Logo-nicadanza.png","contentUrl":"https:\/\/nicadanza.com\/wp-content\/uploads\/2020\/05\/Logo-nicadanza.png","width":234,"height":100,"caption":"Nicadanza"},"image":{"@id":"https:\/\/nicadanza.com\/#\/schema\/logo\/image\/"},"sameAs":["https:\/\/www.facebook.com\/nicadanza","https:\/\/x.com\/Therapieraum","https:\/\/www.instagram.com\/angela_nicadanza\/?hl=de","https:\/\/de.linkedin.com\/in\/angela-nicotra-00a28a90","https:\/\/www.youtube.com\/channel\/UCvEIgjeir6iDFz-jUpcm3OA"]}]}},"_links":{"self":[{"href":"https:\/\/nicadanza.com\/es\/wp-json\/wp\/v2\/pages\/5511","targetHints":{"allow":["GET"]}}],"collection":[{"href":"https:\/\/nicadanza.com\/es\/wp-json\/wp\/v2\/pages"}],"about":[{"href":"https:\/\/nicadanza.com\/es\/wp-json\/wp\/v2\/types\/page"}],"author":[{"embeddable":true,"href":"https:\/\/nicadanza.com\/es\/wp-json\/wp\/v2\/users\/2"}],"replies":[{"embeddable":true,"href":"https:\/\/nicadanza.com\/es\/wp-json\/wp\/v2\/comments?post=5511"}],"version-history":[{"count":1,"href":"https:\/\/nicadanza.com\/es\/wp-json\/wp\/v2\/pages\/5511\/revisions"}],"predecessor-version":[{"id":5742,"href":"https:\/\/nicadanza.com\/es\/wp-json\/wp\/v2\/pages\/5511\/revisions\/5742"}],"wp:attachment":[{"href":"https:\/\/nicadanza.com\/es\/wp-json\/wp\/v2\/media?parent=5511"}],"curies":[{"name":"wp","href":"https:\/\/api.w.org\/{rel}","templated":true}]}}