{"id":4902,"date":"2020-05-30T11:21:28","date_gmt":"2020-05-30T09:21:28","guid":{"rendered":"https:\/\/nicadanza.com\/integrative-koerpertherapie\/"},"modified":"2021-09-30T18:18:02","modified_gmt":"2021-09-30T16:18:02","slug":"danzaterapia-integrativa","status":"publish","type":"page","link":"https:\/\/nicadanza.com\/it\/danzaterapia-integrativa\/","title":{"rendered":"Terapia Integrativa"},"content":{"rendered":"<div class=\"wpb-content-wrapper\"><p>[vc_row css=&#8221;.vc_custom_1601980358160{padding-top: 50px !important;padding-bottom: 50px !important;background-image: url(https:\/\/nicadanza.com\/wp-content\/uploads\/2020\/09\/Integrative-Koerpertherapie-berlin-02.jpg?id=4759) !important;background-position: center !important;background-repeat: no-repeat !important;background-size: cover !important;}&#8221;][vc_column offset=&#8221;vc_col-md-5&#8243;]<style>.ld_fancy_heading_6a06ef260a8b6 h2{color:rgb(255, 255, 255);}@media (min-width: 992px) { .ld_fancy_heading_6a06ef260a8b6 h2 {margin-bottom:0.2em !important;  }  } .ld_fancy_heading_6a06ef260a8b6 .lqd-highlight-inner{height:0.275em;bottom:0px;}@media (min-width: 992px) { .ld_fancy_heading_6a06ef260a8b6 h2 {margin-bottom:0.2em !important;  }  } <\/style><div class=\"ld-fancy-heading text-uppercase ld_fancy_heading_6a06ef260a8b6\">\n\t<h2 class=\"lqd-highlight-underline lqd-highlight-grow-left\" ><span class=\"ld-fh-txt\"> Terapia Integrativa<\/span><\/h2><\/div><style>.ld_fancy_heading_6a06ef260aa51 h3{font-size:18px;letter-spacing:0.05em;color:rgb(224, 145, 36);}.ld_fancy_heading_6a06ef260aa51 .lqd-highlight-inner{height:0.275em;bottom:0px;}<\/style><div class=\"ld-fancy-heading text-uppercase ld_fancy_heading_6a06ef260aa51\">\n\t<h3 class=\"lqd-highlight-underline lqd-highlight-grow-left\" ><span class=\"ld-fh-txt\"> <strong>Gestalt, Danza e Movimento Terapia<\/strong><\/span><\/h3><\/div><style>.ld_spacer_6a06ef260aaf9{height:28px;}<\/style>\n<div class=\"ld-empty-space ld_spacer_6a06ef260aaf9\"><span class=\"liquid_empty_space_inner\"><\/span><\/div>[vc_separator color=&#8221;custom&#8221; align=&#8221;align_left&#8221; el_width=&#8221;10&#8243; accent_color=&#8221;#ff7a4b&#8221;][vc_column_text]<span style=\"color: #ffffff;\">La Danza Movimento Terapia \u00e8 una forma di psicoterapia integrativa che usa il movimento oltre che il linguaggio. La DMT d\u00e0 stabilit\u00e0, migliora l\u2019espressione personale e pu\u00f2 sostenere chi la pratica in fasi critiche della vita. La danza terapia trasmette forza, fiducia in se stessi e orientamento. Attiva ed espande la consapevolezza del corpo e le capacit\u00e0 di comunicazione. Movimento libero, elementi di arti marziali orientali, metodi di rilassamento, giochi e diverse forme di danza accompagnano il processo verso il benessere psicofisico. La danza terapia \u00e8 utilizzata soprattutto nel trattamento dei disturbi psicosomatici e come pratica di sviluppo personale.<\/span>[\/vc_column_text]<style>.ld_spacer_6a06ef260ab50{height:40px;}<\/style>\n<div class=\"ld-empty-space ld_spacer_6a06ef260ab50\"><span class=\"liquid_empty_space_inner\"><\/span><\/div>[vc_single_image image=&#8221;5067&#8243; img_size=&#8221;large&#8221;][\/vc_column][vc_column align=&#8221;text-left&#8221; offset=&#8221;vc_col-md-offset-1 vc_col-md-6&#8243;][vc_single_image image=&#8221;5831&#8243; img_size=&#8221;large&#8221;][vc_column_text css=&#8221;.vc_custom_1607359208639{margin-top: -20px !important;}&#8221;]<\/p>\n<p style=\"text-align: right;\"><span style=\"font-size: 10px; color: #ffffff;\">[Installazione: Chiharu Shiota]<\/span><\/p>\n<p>[\/vc_column_text]<style>.ld_spacer_6a06ef260ab7b{height:20px;}<\/style>\n<div class=\"ld-empty-space ld_spacer_6a06ef260ab7b\"><span class=\"liquid_empty_space_inner\"><\/span><\/div>[vc_column_text]<span style=\"color: #ffffff;\">La terapia della Gestalt fa parte della psicologia umanistica ed \u00e8 orientata alla costruzione di un processo esperienziale che coinvolge anche i vissuti corporei. Gli esercizi e le tecniche utilizzate mirano all\u2019integrazione coerente di pensieri ed emozioni, rendendo cos\u00ec osservabili e coscienti i modelli di comportamento. Con un supporto trasparente da parte del terapeuta, il paziente esercita la percezione e sviluppa consapevolezza e responsabilit\u00e0 per le proprie azioni. Il movimento, l&#8217;espressione del corpo e la danza accompagnano un processo di trasformazione e di sviluppo personale.<\/span><\/p>\n<p class=\"p1\"><span style=\"color: #ffffff;\">Offro su richiesta sessioni individuali e lavori di gruppo di terapia integrativa.<\/span><\/p>\n<p>[\/vc_column_text]<style>.ld_spacer_6a06ef260aba1{height:32px;}<\/style>\n<div class=\"ld-empty-space ld_spacer_6a06ef260aba1\"><span class=\"liquid_empty_space_inner\"><\/span><\/div><style>.ld_button_6a06ef260abf7.btn-icon-solid:hover .btn-icon{background:rgb(12, 62, 114);}.ld_button_6a06ef260abf7:hover{color:rgb(12, 62, 114);}.ld_button_6a06ef260abf7{font-size:18px !important;font-weight:700 !important;letter-spacing:0.1em !important;}<\/style><a href=\"https:\/\/nicadanza.com\/it\/contatto\/\" class=\"btn btn-naked text-uppercase ld_button_6a06ef260abf7\">\n\t<span>\n\t\t\n\t\t\t\t\t<span class=\"btn-txt\">Prenota<\/span>\n\t\t\t\n\t\t\t\t<\/span>\n<\/a>\n[\/vc_column][\/vc_row][vc_row css=&#8221;.vc_custom_1594029580362{background-color: #839acd !important;}&#8221;][vc_column width=&#8221;1\/2&#8243;][vc_empty_space height=&#8221;52px&#8221;][vc_single_image image=&#8221;4417&#8243; img_size=&#8221;large&#8221;][vc_empty_space][\/vc_column][vc_column width=&#8221;1\/2&#8243;][vc_empty_space height=&#8221;52px&#8221;]<style>.ld_fancy_heading_6a06ef260b342 h3{color:rgb(255, 255, 255);}@media (min-width: 992px) { .ld_fancy_heading_6a06ef260b342 h3 {margin-bottom:0.2em !important;  }  } .ld_fancy_heading_6a06ef260b342 .lqd-highlight-inner{height:0.275em;bottom:0px;}@media (min-width: 992px) { .ld_fancy_heading_6a06ef260b342 h3 {margin-bottom:0.2em !important;  }  } <\/style><div class=\"ld-fancy-heading text-uppercase ld_fancy_heading_6a06ef260b342\">\n\t<h3 class=\"lqd-highlight-underline lqd-highlight-grow-left\" ><span class=\"ld-fh-txt\"> Gruppi terapeutici a Berlino<\/span><\/h3><\/div><style>.ld_fancy_heading_6a06ef260b556 h3{font-size:18px;letter-spacing:0.05em;color:rgb(242, 249, 254);}.ld_fancy_heading_6a06ef260b556 .lqd-highlight-inner{height:0.275em;bottom:0px;}<\/style><div class=\"ld-fancy-heading ld_fancy_heading_6a06ef260b556\">\n\t<h3 class=\"lqd-highlight-underline lqd-highlight-grow-left\" ><span class=\"ld-fh-txt\"> Possibilit\u00e0 di sessioni individuali anche online<\/span><\/h3><\/div><style>.ld_spacer_6a06ef260b701{height:28px;}<\/style>\n<div class=\"ld-empty-space ld_spacer_6a06ef260b701\"><span class=\"liquid_empty_space_inner\"><\/span><\/div>[vc_separator color=&#8221;custom&#8221; align=&#8221;align_left&#8221; el_width=&#8221;10&#8243; accent_color=&#8221;#ff7a4b&#8221;][vc_column_text]<span style=\"color: #ffffff;\"><b>Finalit\u00e0:\u00a0<\/b> Coscienza corporea, stabilit\u00e0, flessibilit\u00e0, comunicazione e contatto con se stessi e con gli altri.<\/span><\/p>\n<p><strong style=\"color: #ffffff;\">Setting:<\/strong><span style=\"color: #ffffff;\"> un piccolo gruppo offre lo spazio per elaborare temi personali in piena fiducia.<\/span><\/p>\n<p><span style=\"color: #ffffff;\"><b>Questo lavoro \u00e8 adatto a tutte le persone disposte a lavorare sul proprio\u00a0 sviluppo interiore.\u00a0<\/b><\/span>[\/vc_column_text][vc_empty_space]<style>.ld_button_6a06ef260b763.btn-icon-solid:hover .btn-icon{background:rgb(12, 62, 114);}.ld_button_6a06ef260b763:hover{color:rgb(12, 62, 114);}.ld_button_6a06ef260b763{font-size:18px !important;font-weight:700 !important;letter-spacing:0.1em !important;}<\/style><a href=\"https:\/\/nicadanza.com\/it\/contatto\/\" class=\"btn btn-naked text-uppercase ld_button_6a06ef260b763\">\n\t<span>\n\t\t\n\t\t\t\t\t<span class=\"btn-txt\">Prenota la tua sessione<\/span>\n\t\t\t\n\t\t\t\t<\/span>\n<\/a>\n[vc_empty_space height=&#8221;50px&#8221;][\/vc_column][\/vc_row]<\/p>\n<\/div>","protected":false},"excerpt":{"rendered":"<p>[vc_row css=&#8221;.vc_custom_1601980358160{padding-top: 50px !important;padding-bottom: 50px !important;background-image: url(https:\/\/nicadanza.com\/wp-content\/uploads\/2020\/09\/Integrative-Koerpertherapie-berlin-02.jpg?id=4759) !important;background-position: center !important;background-repeat: no-repeat !important;background-size: cover !important;}&#8221;][vc_column offset=&#8221;vc_col-md-5&#8243;][vc_separator&#8230;<\/p>\n","protected":false},"author":2,"featured_media":0,"parent":0,"menu_order":0,"comment_status":"closed","ping_status":"closed","template":"","meta":{"footnotes":""},"class_list":["post-4902","page","type-page","status-publish","hentry"],"yoast_head":"<!-- This site is optimized with the Yoast SEO plugin v27.5 - https:\/\/yoast.com\/product\/yoast-seo-wordpress\/ -->\n<title>Terapia integrativa<\/title>\n<meta name=\"description\" content=\"Terapia integrativa\" \/>\n<meta name=\"robots\" content=\"index, follow, max-snippet:-1, max-image-preview:large, max-video-preview:-1\" \/>\n<link rel=\"canonical\" href=\"https:\/\/nicadanza.com\/it\/danzaterapia-integrativa\/\" \/>\n<meta property=\"og:locale\" content=\"it_IT\" \/>\n<meta property=\"og:type\" content=\"article\" \/>\n<meta property=\"og:title\" content=\"Terapia integrativa\" \/>\n<meta property=\"og:description\" content=\"Terapia integrativa\" \/>\n<meta property=\"og:url\" content=\"https:\/\/nicadanza.com\/it\/danzaterapia-integrativa\/\" \/>\n<meta property=\"og:site_name\" content=\"nicadanza\" \/>\n<meta property=\"article:publisher\" content=\"https:\/\/www.facebook.com\/nicadanza\" \/>\n<meta property=\"article:modified_time\" content=\"2021-09-30T16:18:02+00:00\" \/>\n<meta property=\"og:image\" content=\"https:\/\/nicadanza.com\/wp-content\/uploads\/2020\/07\/Integrative-Ko\u0308rpertherapie-berlin-09.jpg\" \/>\n\t<meta property=\"og:image:width\" content=\"2000\" \/>\n\t<meta property=\"og:image:height\" content=\"1337\" \/>\n\t<meta property=\"og:image:type\" content=\"image\/jpeg\" \/>\n<meta name=\"twitter:card\" content=\"summary_large_image\" \/>\n<meta name=\"twitter:image\" content=\"https:\/\/nicadanza.com\/wp-content\/uploads\/2020\/07\/Integrative-Ko\u0308rpertherapie-berlin-09.jpg\" \/>\n<meta name=\"twitter:site\" content=\"@Therapieraum\" \/>\n<meta name=\"twitter:label1\" content=\"Tempo di lettura stimato\" \/>\n\t<meta name=\"twitter:data1\" content=\"3 minuti\" \/>\n<script type=\"application\/ld+json\" class=\"yoast-schema-graph\">{\"@context\":\"https:\\\/\\\/schema.org\",\"@graph\":[{\"@type\":\"WebPage\",\"@id\":\"https:\\\/\\\/nicadanza.com\\\/it\\\/danzaterapia-integrativa\\\/\",\"url\":\"https:\\\/\\\/nicadanza.com\\\/it\\\/danzaterapia-integrativa\\\/\",\"name\":\"Terapia integrativa\",\"isPartOf\":{\"@id\":\"https:\\\/\\\/nicadanza.com\\\/#website\"},\"datePublished\":\"2020-05-30T09:21:28+00:00\",\"dateModified\":\"2021-09-30T16:18:02+00:00\",\"description\":\"Terapia integrativa\",\"breadcrumb\":{\"@id\":\"https:\\\/\\\/nicadanza.com\\\/it\\\/danzaterapia-integrativa\\\/#breadcrumb\"},\"inLanguage\":\"it-IT\",\"potentialAction\":[{\"@type\":\"ReadAction\",\"target\":[\"https:\\\/\\\/nicadanza.com\\\/it\\\/danzaterapia-integrativa\\\/\"]}]},{\"@type\":\"BreadcrumbList\",\"@id\":\"https:\\\/\\\/nicadanza.com\\\/it\\\/danzaterapia-integrativa\\\/#breadcrumb\",\"itemListElement\":[{\"@type\":\"ListItem\",\"position\":1,\"name\":\"Startseite\",\"item\":\"https:\\\/\\\/nicadanza.com\\\/it\\\/\"},{\"@type\":\"ListItem\",\"position\":2,\"name\":\"Terapia Integrativa\"}]},{\"@type\":\"WebSite\",\"@id\":\"https:\\\/\\\/nicadanza.com\\\/#website\",\"url\":\"https:\\\/\\\/nicadanza.com\\\/\",\"name\":\"nicadanza\",\"description\":\"Bewegung und Tanz\",\"publisher\":{\"@id\":\"https:\\\/\\\/nicadanza.com\\\/#organization\"},\"potentialAction\":[{\"@type\":\"SearchAction\",\"target\":{\"@type\":\"EntryPoint\",\"urlTemplate\":\"https:\\\/\\\/nicadanza.com\\\/?s={search_term_string}\"},\"query-input\":{\"@type\":\"PropertyValueSpecification\",\"valueRequired\":true,\"valueName\":\"search_term_string\"}}],\"inLanguage\":\"it-IT\"},{\"@type\":\"Organization\",\"@id\":\"https:\\\/\\\/nicadanza.com\\\/#organization\",\"name\":\"Nicadanza\",\"url\":\"https:\\\/\\\/nicadanza.com\\\/\",\"logo\":{\"@type\":\"ImageObject\",\"inLanguage\":\"it-IT\",\"@id\":\"https:\\\/\\\/nicadanza.com\\\/#\\\/schema\\\/logo\\\/image\\\/\",\"url\":\"https:\\\/\\\/nicadanza.com\\\/wp-content\\\/uploads\\\/2020\\\/05\\\/Logo-nicadanza.png\",\"contentUrl\":\"https:\\\/\\\/nicadanza.com\\\/wp-content\\\/uploads\\\/2020\\\/05\\\/Logo-nicadanza.png\",\"width\":234,\"height\":100,\"caption\":\"Nicadanza\"},\"image\":{\"@id\":\"https:\\\/\\\/nicadanza.com\\\/#\\\/schema\\\/logo\\\/image\\\/\"},\"sameAs\":[\"https:\\\/\\\/www.facebook.com\\\/nicadanza\",\"https:\\\/\\\/x.com\\\/Therapieraum\",\"https:\\\/\\\/www.instagram.com\\\/angela_nicadanza\\\/?hl=de\",\"https:\\\/\\\/de.linkedin.com\\\/in\\\/angela-nicotra-00a28a90\",\"https:\\\/\\\/www.youtube.com\\\/channel\\\/UCvEIgjeir6iDFz-jUpcm3OA\"]}]}<\/script>\n<!-- \/ Yoast SEO plugin. -->","yoast_head_json":{"title":"Terapia integrativa","description":"Terapia integrativa","robots":{"index":"index","follow":"follow","max-snippet":"max-snippet:-1","max-image-preview":"max-image-preview:large","max-video-preview":"max-video-preview:-1"},"canonical":"https:\/\/nicadanza.com\/it\/danzaterapia-integrativa\/","og_locale":"it_IT","og_type":"article","og_title":"Terapia integrativa","og_description":"Terapia integrativa","og_url":"https:\/\/nicadanza.com\/it\/danzaterapia-integrativa\/","og_site_name":"nicadanza","article_publisher":"https:\/\/www.facebook.com\/nicadanza","article_modified_time":"2021-09-30T16:18:02+00:00","og_image":[{"width":2000,"height":1337,"url":"https:\/\/nicadanza.com\/wp-content\/uploads\/2020\/07\/Integrative-Ko\u0308rpertherapie-berlin-09.jpg","type":"image\/jpeg"}],"twitter_card":"summary_large_image","twitter_image":"https:\/\/nicadanza.com\/wp-content\/uploads\/2020\/07\/Integrative-Ko\u0308rpertherapie-berlin-09.jpg","twitter_site":"@Therapieraum","twitter_misc":{"Tempo di lettura stimato":"3 minuti"},"schema":{"@context":"https:\/\/schema.org","@graph":[{"@type":"WebPage","@id":"https:\/\/nicadanza.com\/it\/danzaterapia-integrativa\/","url":"https:\/\/nicadanza.com\/it\/danzaterapia-integrativa\/","name":"Terapia integrativa","isPartOf":{"@id":"https:\/\/nicadanza.com\/#website"},"datePublished":"2020-05-30T09:21:28+00:00","dateModified":"2021-09-30T16:18:02+00:00","description":"Terapia integrativa","breadcrumb":{"@id":"https:\/\/nicadanza.com\/it\/danzaterapia-integrativa\/#breadcrumb"},"inLanguage":"it-IT","potentialAction":[{"@type":"ReadAction","target":["https:\/\/nicadanza.com\/it\/danzaterapia-integrativa\/"]}]},{"@type":"BreadcrumbList","@id":"https:\/\/nicadanza.com\/it\/danzaterapia-integrativa\/#breadcrumb","itemListElement":[{"@type":"ListItem","position":1,"name":"Startseite","item":"https:\/\/nicadanza.com\/it\/"},{"@type":"ListItem","position":2,"name":"Terapia Integrativa"}]},{"@type":"WebSite","@id":"https:\/\/nicadanza.com\/#website","url":"https:\/\/nicadanza.com\/","name":"nicadanza","description":"Bewegung und Tanz","publisher":{"@id":"https:\/\/nicadanza.com\/#organization"},"potentialAction":[{"@type":"SearchAction","target":{"@type":"EntryPoint","urlTemplate":"https:\/\/nicadanza.com\/?s={search_term_string}"},"query-input":{"@type":"PropertyValueSpecification","valueRequired":true,"valueName":"search_term_string"}}],"inLanguage":"it-IT"},{"@type":"Organization","@id":"https:\/\/nicadanza.com\/#organization","name":"Nicadanza","url":"https:\/\/nicadanza.com\/","logo":{"@type":"ImageObject","inLanguage":"it-IT","@id":"https:\/\/nicadanza.com\/#\/schema\/logo\/image\/","url":"https:\/\/nicadanza.com\/wp-content\/uploads\/2020\/05\/Logo-nicadanza.png","contentUrl":"https:\/\/nicadanza.com\/wp-content\/uploads\/2020\/05\/Logo-nicadanza.png","width":234,"height":100,"caption":"Nicadanza"},"image":{"@id":"https:\/\/nicadanza.com\/#\/schema\/logo\/image\/"},"sameAs":["https:\/\/www.facebook.com\/nicadanza","https:\/\/x.com\/Therapieraum","https:\/\/www.instagram.com\/angela_nicadanza\/?hl=de","https:\/\/de.linkedin.com\/in\/angela-nicotra-00a28a90","https:\/\/www.youtube.com\/channel\/UCvEIgjeir6iDFz-jUpcm3OA"]}]}},"_links":{"self":[{"href":"https:\/\/nicadanza.com\/it\/wp-json\/wp\/v2\/pages\/4902","targetHints":{"allow":["GET"]}}],"collection":[{"href":"https:\/\/nicadanza.com\/it\/wp-json\/wp\/v2\/pages"}],"about":[{"href":"https:\/\/nicadanza.com\/it\/wp-json\/wp\/v2\/types\/page"}],"author":[{"embeddable":true,"href":"https:\/\/nicadanza.com\/it\/wp-json\/wp\/v2\/users\/2"}],"replies":[{"embeddable":true,"href":"https:\/\/nicadanza.com\/it\/wp-json\/wp\/v2\/comments?post=4902"}],"version-history":[{"count":12,"href":"https:\/\/nicadanza.com\/it\/wp-json\/wp\/v2\/pages\/4902\/revisions"}],"predecessor-version":[{"id":5861,"href":"https:\/\/nicadanza.com\/it\/wp-json\/wp\/v2\/pages\/4902\/revisions\/5861"}],"wp:attachment":[{"href":"https:\/\/nicadanza.com\/it\/wp-json\/wp\/v2\/media?parent=4902"}],"curies":[{"name":"wp","href":"https:\/\/api.w.org\/{rel}","templated":true}]}}