{"id":5002,"date":"2020-06-18T23:33:05","date_gmt":"2020-06-18T21:33:05","guid":{"rendered":"https:\/\/nicadanza.com\/archetypen\/"},"modified":"2021-09-30T18:00:38","modified_gmt":"2021-09-30T16:00:38","slug":"archetipi-commedia-dell-arte","status":"publish","type":"page","link":"https:\/\/nicadanza.com\/it\/archetipi-commedia-dell-arte\/","title":{"rendered":"Archetipi"},"content":{"rendered":"<div class=\"wpb-content-wrapper\"><p>[vc_row css=&#8221;.vc_custom_1592516509734{padding-top: 50px !important;padding-bottom: 50px !important;background-image: url(https:\/\/nicadanza.com\/wp-content\/uploads\/2020\/05\/a2.jpg?id=4376) !important;background-position: center !important;background-repeat: no-repeat !important;background-size: cover !important;}&#8221;][vc_column][vc_row_inner][vc_column_inner width=&#8221;1\/2&#8243;]<style>.ld_fancy_heading_69fb844a60d5b h2{color:rgb(255, 255, 255);}@media (min-width: 992px) { .ld_fancy_heading_69fb844a60d5b h2 {margin-bottom:0.2em !important;  }  } .ld_fancy_heading_69fb844a60d5b .lqd-highlight-inner{height:0.275em;bottom:0px;}@media (min-width: 992px) { .ld_fancy_heading_69fb844a60d5b h2 {margin-bottom:0.2em !important;  }  } <\/style><div class=\"ld-fancy-heading text-uppercase ld_fancy_heading_69fb844a60d5b\">\n\t<h2 class=\"lqd-highlight-underline lqd-highlight-grow-left\" ><span class=\"ld-fh-txt\"> Alcuni Archetipi<\/span><\/h2><\/div><style>.ld_fancy_heading_69fb844a6100c h3{font-size:18px;letter-spacing:0.05em;color:rgb(36, 147, 224);}.ld_fancy_heading_69fb844a6100c .lqd-highlight-inner{height:0.275em;bottom:0px;}<\/style><div class=\"ld-fancy-heading text-uppercase ld_fancy_heading_69fb844a6100c\">\n\t<h3 class=\"lqd-highlight-underline lqd-highlight-grow-left\" ><span class=\"ld-fh-txt\"> <strong>Commedia dell&#8217;Arte<\/strong><\/span><\/h3><\/div><style>.ld_spacer_69fb844a6116c{height:28px;}<\/style>\n<div class=\"ld-empty-space ld_spacer_69fb844a6116c\"><span class=\"liquid_empty_space_inner\"><\/span><\/div>[vc_separator color=&#8221;custom&#8221; align=&#8221;align_left&#8221; el_width=&#8221;10&#8243; accent_color=&#8221;#ff7a4b&#8221;][\/vc_column_inner][vc_column_inner width=&#8221;1\/2&#8243;][\/vc_column_inner][\/vc_row_inner][vc_row_inner][vc_column_inner width=&#8221;1\/2&#8243;][vc_single_image image=&#8221;4598&#8243; img_size=&#8221;medium&#8221; alignment=&#8221;right&#8221; style=&#8221;vc_box_outline&#8221;][\/vc_column_inner][vc_column_inner width=&#8221;1\/2&#8243;]<style>.ld_fancy_heading_69fb844a612a5 h4{font-size:22;color:rgb(255, 255, 255);}@media (min-width: 992px) { .ld_fancy_heading_69fb844a612a5 h4 {margin-bottom:0.2em !important;  }  } .ld_fancy_heading_69fb844a612a5 .lqd-highlight-inner{height:0.275em;bottom:0px;}@media (min-width: 992px) { .ld_fancy_heading_69fb844a612a5 h4 {margin-bottom:0.2em !important;  }  } <\/style><div class=\"ld-fancy-heading text-uppercase ld_fancy_heading_69fb844a612a5\">\n\t<h4 class=\"lqd-highlight-underline lqd-highlight-grow-left\" ><span class=\"ld-fh-txt\"> Arlecchino<\/span><\/h4><\/div>[vc_column_text]<span style=\"color: #ffffff;\">Arlecchino \u00e8 molto flessibile, sempre in movimento o addormentato in pose improbabili. Il suo bacino spesso si tira indietro, le sue gambe sono sempre in movimento. Le ginocchia flessibili gli permettono di saltare e correre in qualsiasi direzione. <\/span><span style=\"color: #ffffff;\">\u00c8 sempre curioso, ficca il naso dappertutto, mentre punta il tallone in avanti come un freno per evitare qualsiasi impegno. Arlecchino raggiunge risultati minimi con il massimo sforzo, \u00e8 un maestro dello spreco di energia.<\/span>[\/vc_column_text][vc_empty_space height=&#8221;40px&#8221;][\/vc_column_inner][\/vc_row_inner][vc_row_inner][vc_column_inner width=&#8221;1\/2&#8243;][vc_single_image image=&#8221;4602&#8243; img_size=&#8221;medium&#8221; alignment=&#8221;right&#8221; style=&#8221;vc_box_outline&#8221;][\/vc_column_inner][vc_column_inner width=&#8221;1\/2&#8243;]<style>.ld_fancy_heading_69fb844a6143f h4{font-size:22;color:rgb(255, 255, 255);}@media (min-width: 992px) { .ld_fancy_heading_69fb844a6143f h4 {margin-bottom:0.2em !important;  }  } .ld_fancy_heading_69fb844a6143f .lqd-highlight-inner{height:0.275em;bottom:0px;}@media (min-width: 992px) { .ld_fancy_heading_69fb844a6143f h4 {margin-bottom:0.2em !important;  }  } <\/style><div class=\"ld-fancy-heading text-uppercase ld_fancy_heading_69fb844a6143f\">\n\t<h4 class=\"lqd-highlight-underline lqd-highlight-grow-left\" ><span class=\"ld-fh-txt\"> Pantalone<\/span><\/h4><\/div>[vc_column_text]<span style=\"color: #ffffff;\">Tutto il suo corpo cerca di allungarsi e cos\u00ec facendo la sua postura diventa rigida perch\u00e9 la parte superiore del corpo si svuota. Il suo bacino \u00e8 tirato in basso e in avanti, come se il peso enorme dei suoi testicoli lo trascinasse irresistibilmente verso il basso, mentre i suoi desideri lo vorrebbero orientato verso l\u2019alto. Vive cos\u00ec costante ed estrema tensione e dissociazione e tutto questo lo rende inflessibile e fragile. La voglia di vivere e l&#8217;amore da un lato e dall&#8217;altro l\u2019ossessione per l\u2019accumulo di beni materiali lo rendono prigioniero in un corpo in decadenza.<\/span>[\/vc_column_text][vc_empty_space height=&#8221;40px&#8221;][\/vc_column_inner][\/vc_row_inner][vc_row_inner][vc_column_inner width=&#8221;1\/2&#8243;][vc_single_image image=&#8221;4596&#8243; img_size=&#8221;medium&#8221; alignment=&#8221;right&#8221; style=&#8221;vc_box_outline&#8221;][\/vc_column_inner][vc_column_inner width=&#8221;1\/2&#8243;]<style>.ld_fancy_heading_69fb844a615fb h4{font-size:22;color:rgb(255, 255, 255);}@media (min-width: 992px) { .ld_fancy_heading_69fb844a615fb h4 {margin-bottom:0.2em !important;  }  } .ld_fancy_heading_69fb844a615fb .lqd-highlight-inner{height:0.275em;bottom:0px;}@media (min-width: 992px) { .ld_fancy_heading_69fb844a615fb h4 {margin-bottom:0.2em !important;  }  } <\/style><div class=\"ld-fancy-heading text-uppercase ld_fancy_heading_69fb844a615fb\">\n\t<h4 class=\"lqd-highlight-underline lqd-highlight-grow-left\" ><span class=\"ld-fh-txt\"> Dottore<\/span><\/h4><\/div>[vc_column_text]<\/p>\n<p class=\"p1\"><span style=\"color: #ffffff;\">Il dottore \u00e8 dipendente, dipendente dal cibo, dalle bevande, dall&#8217;affermazione costante di s\u00e9 e dalla voglia di occupare spazio. Per nascondere il suo vuoto interiore si mostra arrogante e saccente. In realt\u00e0 non ha niente da dire ma finge di sapere molto. Il Dottore non \u00e8 solo rotondo, \u00e8 anche incredibilmente spesso e pesante. Uno dei suoi nomi gi\u00e0 lo descrive: Balanzone, da &#8220;ballonzolare&#8221;. Per sostenere il proprio peso, il dottore deve espandersi, si gonfia in tutte le direzioni come un pallone. \u00c8 infatti l\u2019incarnazione del pallone gonfiato.<\/span><\/p>\n<p>[\/vc_column_text][vc_empty_space height=&#8221;40px&#8221;][\/vc_column_inner][\/vc_row_inner][vc_row_inner][vc_column_inner width=&#8221;1\/2&#8243;][vc_single_image image=&#8221;4595&#8243; img_size=&#8221;medium&#8221; alignment=&#8221;right&#8221; style=&#8221;vc_box_outline&#8221;][\/vc_column_inner][vc_column_inner width=&#8221;1\/2&#8243;]<style>.ld_fancy_heading_69fb844a6178f h4{font-size:22;color:rgb(255, 255, 255);}@media (min-width: 992px) { .ld_fancy_heading_69fb844a6178f h4 {margin-bottom:0.2em !important;  }  } .ld_fancy_heading_69fb844a6178f .lqd-highlight-inner{height:0.275em;bottom:0px;}@media (min-width: 992px) { .ld_fancy_heading_69fb844a6178f h4 {margin-bottom:0.2em !important;  }  } <\/style><div class=\"ld-fancy-heading text-uppercase ld_fancy_heading_69fb844a6178f\">\n\t<h4 class=\"lqd-highlight-underline lqd-highlight-grow-left\" ><span class=\"ld-fh-txt\"> Capitano<\/span><\/h4><\/div>[vc_column_text]<span style=\"color: #ffffff;\">Il petto del Capitano non \u00e8 solo aperto, ma anche orgogliosamente gonfio. Sempre pronto a difendersi, il suo busto ruota repentino a sinistra e in basso come per afferrare la spada. Le sue spalle sono sollevate fino alle orecchie per mostrare presunti muscoli. Gli occhi sono sempre in movimento per scoprire nuovi pericoli o semplicemente per cercare nuovi estimatori. Va in giro per mostrarsi, con le gambe stirate in uno spasimo, sempre come se marciasse in una parata. Batte forte i talloni l&#8217;uno contro l\u2019altro quando arriva in un posto nuovo, ferendosi da solo di tanto in tanto. \u00c8 l\u2019erede del\u00a0Miles Gloriosus.<\/span>[\/vc_column_text][vc_empty_space height=&#8221;40px&#8221;][\/vc_column_inner][\/vc_row_inner][vc_row_inner][vc_column_inner width=&#8221;1\/2&#8243;][vc_single_image image=&#8221;4600&#8243; img_size=&#8221;medium&#8221; alignment=&#8221;right&#8221; style=&#8221;vc_box_outline&#8221;][\/vc_column_inner][vc_column_inner width=&#8221;1\/2&#8243;]<style>.ld_fancy_heading_69fb844a618e9 h4{font-size:22;color:rgb(255, 255, 255);}@media (min-width: 992px) { .ld_fancy_heading_69fb844a618e9 h4 {margin-bottom:0.2em !important;  }  } .ld_fancy_heading_69fb844a618e9 .lqd-highlight-inner{height:0.275em;bottom:0px;}@media (min-width: 992px) { .ld_fancy_heading_69fb844a618e9 h4 {margin-bottom:0.2em !important;  }  } <\/style><div class=\"ld-fancy-heading text-uppercase ld_fancy_heading_69fb844a618e9\">\n\t<h4 class=\"lqd-highlight-underline lqd-highlight-grow-left\" ><span class=\"ld-fh-txt\"> Colombina<\/span><\/h4><\/div>[vc_column_text]<span style=\"color: #ffffff;\">I suoi seni e il suo sedere sono rotondi, cos\u00ec come i suoi fianchi. Colombina gioca a nascondino con ogni parte del corpo. Come se dicesse: \u201eTe la do, non te la do\u201c. \u201eSi guarda ma non si tocca\u201d. \u00c8 una maestra esperta nell&#8217;isolare le parti del corpo, nella seduzione e nell\u2019intrigo.<\/span>[\/vc_column_text][vc_empty_space height=&#8221;40px&#8221;][\/vc_column_inner][\/vc_row_inner][vc_row_inner][vc_column_inner width=&#8221;1\/2&#8243;][vc_single_image image=&#8221;4599&#8243; img_size=&#8221;medium&#8221; alignment=&#8221;right&#8221; style=&#8221;vc_box_outline&#8221;][\/vc_column_inner][vc_column_inner width=&#8221;1\/2&#8243;]<style>.ld_fancy_heading_69fb844a61a22 h4{font-size:22;color:rgb(255, 255, 255);}@media (min-width: 992px) { .ld_fancy_heading_69fb844a61a22 h4 {margin-bottom:0.2em !important;  }  } .ld_fancy_heading_69fb844a61a22 .lqd-highlight-inner{height:0.275em;bottom:0px;}@media (min-width: 992px) { .ld_fancy_heading_69fb844a61a22 h4 {margin-bottom:0.2em !important;  }  } <\/style><div class=\"ld-fancy-heading text-uppercase ld_fancy_heading_69fb844a61a22\">\n\t<h4 class=\"lqd-highlight-underline lqd-highlight-grow-left\" ><span class=\"ld-fh-txt\"> Nobili innamorati<\/span><\/h4><\/div>[vc_column_text]<span style=\"color: #ffffff;\">I Nobili si contorcono verso l&#8217;alto. Il loro amore non \u00e8 una pulsione profana, ma un puro sentimento che li tira verso il cielo o piuttosto li allontana dalle parti \u201cimpudiche\u201d del corpo. Il petto e le braccia si sollevano con leggerezza e sforzo nello stesso tempo. Le mani si muovono in tutte le direzioni come farfalle e fiori descrivendo i loro sogni, i desideri ostacolati e i rimpianti brucianti.<\/span>[\/vc_column_text][vc_empty_space height=&#8221;40px&#8221;][\/vc_column_inner][\/vc_row_inner][vc_row_inner][vc_column_inner width=&#8221;1\/4&#8243;][\/vc_column_inner][vc_column_inner width=&#8221;1\/2&#8243;][vc_empty_space height=&#8221;40px&#8221;]<style>.ld_fancy_heading_69fb844a61b77 h4{font-size:22;color:rgb(255, 255, 255);}@media (min-width: 992px) { .ld_fancy_heading_69fb844a61b77 h4 {margin-bottom:0.2em !important;  }  } .ld_fancy_heading_69fb844a61b77 .lqd-highlight-inner{height:0.275em;bottom:0px;}@media (min-width: 992px) { .ld_fancy_heading_69fb844a61b77 h4 {margin-bottom:0.2em !important;  }  } <\/style><div class=\"ld-fancy-heading ld_fancy_heading_69fb844a61b77\">\n\t<h4 class=\"lqd-highlight-underline lqd-highlight-grow-left\" ><span class=\"ld-fh-txt\"> La Commedia dell&#8217;Arte in tre minuti<\/span><\/h4><\/div>[vc_video link=&#8221;https:\/\/youtu.be\/tbv_5Y2qbvI&#8221;][vc_empty_space height=&#8221;40px&#8221;][\/vc_column_inner][vc_column_inner width=&#8221;1\/4&#8243;][\/vc_column_inner][\/vc_row_inner][\/vc_column][\/vc_row]<\/p>\n<\/div>","protected":false},"excerpt":{"rendered":"<p>[vc_row css=&#8221;.vc_custom_1592516509734{padding-top: 50px !important;padding-bottom: 50px !important;background-image: url(https:\/\/nicadanza.com\/wp-content\/uploads\/2020\/05\/a2.jpg?id=4376) !important;background-position: center !important;background-repeat: no-repeat !important;background-size: cover !important;}&#8221;][vc_column][vc_row_inner][vc_column_inner width=&#8221;1\/2&#8243;][vc_separator&#8230;<\/p>\n","protected":false},"author":2,"featured_media":0,"parent":0,"menu_order":0,"comment_status":"closed","ping_status":"closed","template":"","meta":{"footnotes":""},"class_list":["post-5002","page","type-page","status-publish","hentry"],"yoast_head":"<!-- This site is optimized with the Yoast SEO plugin v27.5 - https:\/\/yoast.com\/product\/yoast-seo-wordpress\/ -->\n<title>Archetipi Commedia dell&#039;Arte. Arlecchino &amp; Co. Figure e movimento<\/title>\n<meta name=\"description\" content=\"Gli archetipi della Commedia dell\u2019Arte. Arlecchino, Capitano, Dottore sono fonti di creativit\u00e0 e strumenti in terapia.\" \/>\n<meta name=\"robots\" content=\"index, follow, max-snippet:-1, max-image-preview:large, max-video-preview:-1\" \/>\n<link rel=\"canonical\" href=\"https:\/\/nicadanza.com\/it\/archetipi-commedia-dell-arte\/\" \/>\n<meta property=\"og:locale\" content=\"it_IT\" \/>\n<meta property=\"og:type\" content=\"article\" \/>\n<meta property=\"og:title\" content=\"Archetipi Commedia dell&#039;Arte. Arlecchino &amp; Co. Figure e movimento\" \/>\n<meta property=\"og:description\" content=\"Gli archetipi della Commedia dell\u2019Arte. Arlecchino, Capitano, Dottore sono fonti di creativit\u00e0 e strumenti in terapia.\" \/>\n<meta property=\"og:url\" content=\"https:\/\/nicadanza.com\/it\/archetipi-commedia-dell-arte\/\" \/>\n<meta property=\"og:site_name\" content=\"nicadanza\" \/>\n<meta property=\"article:publisher\" content=\"https:\/\/www.facebook.com\/nicadanza\" \/>\n<meta property=\"article:modified_time\" content=\"2021-09-30T16:00:38+00:00\" \/>\n<meta property=\"og:image\" content=\"https:\/\/nicadanza.com\/wp-content\/uploads\/2020\/11\/commedia-dell-arte.jpg\" \/>\n\t<meta property=\"og:image:width\" content=\"2000\" \/>\n\t<meta property=\"og:image:height\" content=\"1326\" \/>\n\t<meta property=\"og:image:type\" content=\"image\/jpeg\" \/>\n<meta name=\"twitter:card\" content=\"summary_large_image\" \/>\n<meta name=\"twitter:site\" content=\"@Therapieraum\" \/>\n<meta name=\"twitter:label1\" content=\"Tempo di lettura stimato\" \/>\n\t<meta name=\"twitter:data1\" content=\"5 minuti\" \/>\n<script type=\"application\/ld+json\" class=\"yoast-schema-graph\">{\"@context\":\"https:\\\/\\\/schema.org\",\"@graph\":[{\"@type\":\"WebPage\",\"@id\":\"https:\\\/\\\/nicadanza.com\\\/it\\\/archetipi-commedia-dell-arte\\\/\",\"url\":\"https:\\\/\\\/nicadanza.com\\\/it\\\/archetipi-commedia-dell-arte\\\/\",\"name\":\"Archetipi Commedia dell'Arte. Arlecchino & Co. Figure e movimento\",\"isPartOf\":{\"@id\":\"https:\\\/\\\/nicadanza.com\\\/#website\"},\"datePublished\":\"2020-06-18T21:33:05+00:00\",\"dateModified\":\"2021-09-30T16:00:38+00:00\",\"description\":\"Gli archetipi della Commedia dell\u2019Arte. Arlecchino, Capitano, Dottore sono fonti di creativit\u00e0 e strumenti in terapia.\",\"breadcrumb\":{\"@id\":\"https:\\\/\\\/nicadanza.com\\\/it\\\/archetipi-commedia-dell-arte\\\/#breadcrumb\"},\"inLanguage\":\"it-IT\",\"potentialAction\":[{\"@type\":\"ReadAction\",\"target\":[\"https:\\\/\\\/nicadanza.com\\\/it\\\/archetipi-commedia-dell-arte\\\/\"]}]},{\"@type\":\"BreadcrumbList\",\"@id\":\"https:\\\/\\\/nicadanza.com\\\/it\\\/archetipi-commedia-dell-arte\\\/#breadcrumb\",\"itemListElement\":[{\"@type\":\"ListItem\",\"position\":1,\"name\":\"Startseite\",\"item\":\"https:\\\/\\\/nicadanza.com\\\/it\\\/\"},{\"@type\":\"ListItem\",\"position\":2,\"name\":\"Archetipi\"}]},{\"@type\":\"WebSite\",\"@id\":\"https:\\\/\\\/nicadanza.com\\\/#website\",\"url\":\"https:\\\/\\\/nicadanza.com\\\/\",\"name\":\"nicadanza\",\"description\":\"Bewegung und Tanz\",\"publisher\":{\"@id\":\"https:\\\/\\\/nicadanza.com\\\/#organization\"},\"potentialAction\":[{\"@type\":\"SearchAction\",\"target\":{\"@type\":\"EntryPoint\",\"urlTemplate\":\"https:\\\/\\\/nicadanza.com\\\/?s={search_term_string}\"},\"query-input\":{\"@type\":\"PropertyValueSpecification\",\"valueRequired\":true,\"valueName\":\"search_term_string\"}}],\"inLanguage\":\"it-IT\"},{\"@type\":\"Organization\",\"@id\":\"https:\\\/\\\/nicadanza.com\\\/#organization\",\"name\":\"Nicadanza\",\"url\":\"https:\\\/\\\/nicadanza.com\\\/\",\"logo\":{\"@type\":\"ImageObject\",\"inLanguage\":\"it-IT\",\"@id\":\"https:\\\/\\\/nicadanza.com\\\/#\\\/schema\\\/logo\\\/image\\\/\",\"url\":\"https:\\\/\\\/nicadanza.com\\\/wp-content\\\/uploads\\\/2020\\\/05\\\/Logo-nicadanza.png\",\"contentUrl\":\"https:\\\/\\\/nicadanza.com\\\/wp-content\\\/uploads\\\/2020\\\/05\\\/Logo-nicadanza.png\",\"width\":234,\"height\":100,\"caption\":\"Nicadanza\"},\"image\":{\"@id\":\"https:\\\/\\\/nicadanza.com\\\/#\\\/schema\\\/logo\\\/image\\\/\"},\"sameAs\":[\"https:\\\/\\\/www.facebook.com\\\/nicadanza\",\"https:\\\/\\\/x.com\\\/Therapieraum\",\"https:\\\/\\\/www.instagram.com\\\/angela_nicadanza\\\/?hl=de\",\"https:\\\/\\\/de.linkedin.com\\\/in\\\/angela-nicotra-00a28a90\",\"https:\\\/\\\/www.youtube.com\\\/channel\\\/UCvEIgjeir6iDFz-jUpcm3OA\"]}]}<\/script>\n<!-- \/ Yoast SEO plugin. -->","yoast_head_json":{"title":"Archetipi Commedia dell'Arte. Arlecchino & Co. Figure e movimento","description":"Gli archetipi della Commedia dell\u2019Arte. Arlecchino, Capitano, Dottore sono fonti di creativit\u00e0 e strumenti in terapia.","robots":{"index":"index","follow":"follow","max-snippet":"max-snippet:-1","max-image-preview":"max-image-preview:large","max-video-preview":"max-video-preview:-1"},"canonical":"https:\/\/nicadanza.com\/it\/archetipi-commedia-dell-arte\/","og_locale":"it_IT","og_type":"article","og_title":"Archetipi Commedia dell'Arte. Arlecchino & Co. Figure e movimento","og_description":"Gli archetipi della Commedia dell\u2019Arte. Arlecchino, Capitano, Dottore sono fonti di creativit\u00e0 e strumenti in terapia.","og_url":"https:\/\/nicadanza.com\/it\/archetipi-commedia-dell-arte\/","og_site_name":"nicadanza","article_publisher":"https:\/\/www.facebook.com\/nicadanza","article_modified_time":"2021-09-30T16:00:38+00:00","og_image":[{"width":2000,"height":1326,"url":"https:\/\/nicadanza.com\/wp-content\/uploads\/2020\/11\/commedia-dell-arte.jpg","type":"image\/jpeg"}],"twitter_card":"summary_large_image","twitter_site":"@Therapieraum","twitter_misc":{"Tempo di lettura stimato":"5 minuti"},"schema":{"@context":"https:\/\/schema.org","@graph":[{"@type":"WebPage","@id":"https:\/\/nicadanza.com\/it\/archetipi-commedia-dell-arte\/","url":"https:\/\/nicadanza.com\/it\/archetipi-commedia-dell-arte\/","name":"Archetipi Commedia dell'Arte. Arlecchino & Co. Figure e movimento","isPartOf":{"@id":"https:\/\/nicadanza.com\/#website"},"datePublished":"2020-06-18T21:33:05+00:00","dateModified":"2021-09-30T16:00:38+00:00","description":"Gli archetipi della Commedia dell\u2019Arte. Arlecchino, Capitano, Dottore sono fonti di creativit\u00e0 e strumenti in terapia.","breadcrumb":{"@id":"https:\/\/nicadanza.com\/it\/archetipi-commedia-dell-arte\/#breadcrumb"},"inLanguage":"it-IT","potentialAction":[{"@type":"ReadAction","target":["https:\/\/nicadanza.com\/it\/archetipi-commedia-dell-arte\/"]}]},{"@type":"BreadcrumbList","@id":"https:\/\/nicadanza.com\/it\/archetipi-commedia-dell-arte\/#breadcrumb","itemListElement":[{"@type":"ListItem","position":1,"name":"Startseite","item":"https:\/\/nicadanza.com\/it\/"},{"@type":"ListItem","position":2,"name":"Archetipi"}]},{"@type":"WebSite","@id":"https:\/\/nicadanza.com\/#website","url":"https:\/\/nicadanza.com\/","name":"nicadanza","description":"Bewegung und Tanz","publisher":{"@id":"https:\/\/nicadanza.com\/#organization"},"potentialAction":[{"@type":"SearchAction","target":{"@type":"EntryPoint","urlTemplate":"https:\/\/nicadanza.com\/?s={search_term_string}"},"query-input":{"@type":"PropertyValueSpecification","valueRequired":true,"valueName":"search_term_string"}}],"inLanguage":"it-IT"},{"@type":"Organization","@id":"https:\/\/nicadanza.com\/#organization","name":"Nicadanza","url":"https:\/\/nicadanza.com\/","logo":{"@type":"ImageObject","inLanguage":"it-IT","@id":"https:\/\/nicadanza.com\/#\/schema\/logo\/image\/","url":"https:\/\/nicadanza.com\/wp-content\/uploads\/2020\/05\/Logo-nicadanza.png","contentUrl":"https:\/\/nicadanza.com\/wp-content\/uploads\/2020\/05\/Logo-nicadanza.png","width":234,"height":100,"caption":"Nicadanza"},"image":{"@id":"https:\/\/nicadanza.com\/#\/schema\/logo\/image\/"},"sameAs":["https:\/\/www.facebook.com\/nicadanza","https:\/\/x.com\/Therapieraum","https:\/\/www.instagram.com\/angela_nicadanza\/?hl=de","https:\/\/de.linkedin.com\/in\/angela-nicotra-00a28a90","https:\/\/www.youtube.com\/channel\/UCvEIgjeir6iDFz-jUpcm3OA"]}]}},"_links":{"self":[{"href":"https:\/\/nicadanza.com\/it\/wp-json\/wp\/v2\/pages\/5002","targetHints":{"allow":["GET"]}}],"collection":[{"href":"https:\/\/nicadanza.com\/it\/wp-json\/wp\/v2\/pages"}],"about":[{"href":"https:\/\/nicadanza.com\/it\/wp-json\/wp\/v2\/types\/page"}],"author":[{"embeddable":true,"href":"https:\/\/nicadanza.com\/it\/wp-json\/wp\/v2\/users\/2"}],"replies":[{"embeddable":true,"href":"https:\/\/nicadanza.com\/it\/wp-json\/wp\/v2\/comments?post=5002"}],"version-history":[{"count":5,"href":"https:\/\/nicadanza.com\/it\/wp-json\/wp\/v2\/pages\/5002\/revisions"}],"predecessor-version":[{"id":5356,"href":"https:\/\/nicadanza.com\/it\/wp-json\/wp\/v2\/pages\/5002\/revisions\/5356"}],"wp:attachment":[{"href":"https:\/\/nicadanza.com\/it\/wp-json\/wp\/v2\/media?parent=5002"}],"curies":[{"name":"wp","href":"https:\/\/api.w.org\/{rel}","templated":true}]}}